{"id":7708,"date":"2023-09-03T10:31:21","date_gmt":"2023-09-03T10:31:21","guid":{"rendered":"https:\/\/fundaciolaninetadelsulls.org\/?page_id=7708"},"modified":"2023-09-03T10:45:20","modified_gmt":"2023-09-03T10:45:20","slug":"2a-jornada-de-las-superheroinas-y-de-los-superheroes","status":"publish","type":"page","link":"https:\/\/fundaciolaninetadelsulls.org\/es\/2a-jornada-de-las-superheroinas-y-de-los-superheroes\/","title":{"rendered":"2a Jornada de las superhero\u00ednas y de los superh\u00e9roes"},"content":{"rendered":"\t\t<div data-elementor-type=\"wp-page\" data-elementor-id=\"7708\" class=\"elementor elementor-7708 elementor-7689\" data-elementor-post-type=\"page\">\n\t\t\t\t\t\t<section class=\"elementor-section elementor-top-section elementor-element elementor-element-eb27208 elementor-section-full_width elementor-section-height-default elementor-section-height-default\" data-id=\"eb27208\" data-element_type=\"section\" data-e-type=\"section\" data-settings=\"{&quot;background_background&quot;:&quot;classic&quot;}\">\n\t\t\t\t\t\t\t<div class=\"elementor-background-overlay\"><\/div>\n\t\t\t\t\t\t\t<div class=\"elementor-container elementor-column-gap-default\">\n\t\t\t\t\t<div class=\"elementor-column elementor-col-100 elementor-top-column elementor-element elementor-element-d30c739\" data-id=\"d30c739\" data-element_type=\"column\" data-e-type=\"column\">\n\t\t\t<div class=\"elementor-widget-wrap elementor-element-populated\">\n\t\t\t\t\t\t<div class=\"elementor-element elementor-element-abbbc6f elementor-widget elementor-widget-heading\" data-id=\"abbbc6f\" data-element_type=\"widget\" data-e-type=\"widget\" data-widget_type=\"heading.default\">\n\t\t\t\t<div class=\"elementor-widget-container\">\n\t\t\t\t\t<h2 class=\"elementor-heading-title elementor-size-default\">2a Jornada de las superhero\u00ednas y de los superh\u00e9roes\n<\/h2>\t\t\t\t<\/div>\n\t\t\t\t<\/div>\n\t\t\t\t\t<\/div>\n\t\t<\/div>\n\t\t\t\t\t<\/div>\n\t\t<\/section>\n\t\t\t\t<section class=\"elementor-section elementor-top-section elementor-element elementor-element-42a0968 elementor-section-boxed elementor-section-height-default elementor-section-height-default\" data-id=\"42a0968\" data-element_type=\"section\" data-e-type=\"section\">\n\t\t\t\t\t\t<div class=\"elementor-container elementor-column-gap-default\">\n\t\t\t\t\t<div class=\"elementor-column elementor-col-100 elementor-top-column elementor-element elementor-element-cbf112e\" data-id=\"cbf112e\" data-element_type=\"column\" data-e-type=\"column\">\n\t\t\t<div class=\"elementor-widget-wrap elementor-element-populated\">\n\t\t\t\t\t\t<div class=\"elementor-element elementor-element-c700cde elementor-widget elementor-widget-spacer\" data-id=\"c700cde\" data-element_type=\"widget\" data-e-type=\"widget\" data-widget_type=\"spacer.default\">\n\t\t\t\t<div class=\"elementor-widget-container\">\n\t\t\t\t\t\t\t<div class=\"elementor-spacer\">\n\t\t\t<div class=\"elementor-spacer-inner\"><\/div>\n\t\t<\/div>\n\t\t\t\t\t\t<\/div>\n\t\t\t\t<\/div>\n\t\t\t\t\t<\/div>\n\t\t<\/div>\n\t\t\t\t\t<\/div>\n\t\t<\/section>\n\t\t\t\t<section class=\"elementor-section elementor-top-section elementor-element elementor-element-c8ac003 elementor-section-boxed elementor-section-height-default elementor-section-height-default\" data-id=\"c8ac003\" data-element_type=\"section\" data-e-type=\"section\">\n\t\t\t\t\t\t<div class=\"elementor-container elementor-column-gap-default\">\n\t\t\t\t\t<div class=\"elementor-column elementor-col-100 elementor-top-column elementor-element elementor-element-06b719a\" data-id=\"06b719a\" data-element_type=\"column\" data-e-type=\"column\">\n\t\t\t<div class=\"elementor-widget-wrap elementor-element-populated\">\n\t\t\t\t\t\t<div class=\"elementor-element elementor-element-1f9f06c elementor-widget elementor-widget-heading\" data-id=\"1f9f06c\" data-element_type=\"widget\" data-e-type=\"widget\" data-widget_type=\"heading.default\">\n\t\t\t\t<div class=\"elementor-widget-container\">\n\t\t\t\t\t<h2 class=\"elementor-heading-title elementor-size-default\">Aqu\u00ed tienes un resumen de todo el que hicimos a la 2a Jornada:<\/h2>\t\t\t\t<\/div>\n\t\t\t\t<\/div>\n\t\t\t\t\t<\/div>\n\t\t<\/div>\n\t\t\t\t\t<\/div>\n\t\t<\/section>\n\t\t\t\t<section class=\"elementor-section elementor-top-section elementor-element elementor-element-e491065 elementor-section-boxed elementor-section-height-default elementor-section-height-default\" data-id=\"e491065\" data-element_type=\"section\" data-e-type=\"section\">\n\t\t\t\t\t\t<div class=\"elementor-container elementor-column-gap-default\">\n\t\t\t\t\t<div class=\"elementor-column elementor-col-100 elementor-top-column elementor-element elementor-element-4d12218\" data-id=\"4d12218\" data-element_type=\"column\" data-e-type=\"column\">\n\t\t\t<div class=\"elementor-widget-wrap elementor-element-populated\">\n\t\t\t\t\t\t<div class=\"elementor-element elementor-element-9de08cb elementor-widget elementor-widget-video\" data-id=\"9de08cb\" data-element_type=\"widget\" data-e-type=\"widget\" data-settings=\"{&quot;youtube_url&quot;:&quot;https:\\\/\\\/www.youtube.com\\\/watch?v=LcV7Kj5kqkw&quot;,&quot;video_type&quot;:&quot;youtube&quot;,&quot;controls&quot;:&quot;yes&quot;}\" data-widget_type=\"video.default\">\n\t\t\t\t<div class=\"elementor-widget-container\">\n\t\t\t\t\t\t\t<div class=\"elementor-wrapper elementor-open-inline\">\n\t\t\t<div class=\"elementor-video\"><\/div>\t\t<\/div>\n\t\t\t\t\t\t<\/div>\n\t\t\t\t<\/div>\n\t\t\t\t\t<\/div>\n\t\t<\/div>\n\t\t\t\t\t<\/div>\n\t\t<\/section>\n\t\t\t\t<section class=\"elementor-section elementor-top-section elementor-element elementor-element-69e2355 elementor-section-boxed elementor-section-height-default elementor-section-height-default\" data-id=\"69e2355\" data-element_type=\"section\" data-e-type=\"section\">\n\t\t\t\t\t\t<div class=\"elementor-container elementor-column-gap-default\">\n\t\t\t\t\t<div class=\"elementor-column elementor-col-100 elementor-top-column elementor-element elementor-element-1de25b7\" data-id=\"1de25b7\" data-element_type=\"column\" data-e-type=\"column\">\n\t\t\t<div class=\"elementor-widget-wrap elementor-element-populated\">\n\t\t\t\t\t\t<div class=\"elementor-element elementor-element-60055c7 elementor-widget elementor-widget-spacer\" data-id=\"60055c7\" data-element_type=\"widget\" data-e-type=\"widget\" data-widget_type=\"spacer.default\">\n\t\t\t\t<div class=\"elementor-widget-container\">\n\t\t\t\t\t\t\t<div class=\"elementor-spacer\">\n\t\t\t<div class=\"elementor-spacer-inner\"><\/div>\n\t\t<\/div>\n\t\t\t\t\t\t<\/div>\n\t\t\t\t<\/div>\n\t\t\t\t\t<\/div>\n\t\t<\/div>\n\t\t\t\t\t<\/div>\n\t\t<\/section>\n\t\t\t\t<section class=\"elementor-section elementor-top-section elementor-element elementor-element-04b43c4 elementor-section-boxed elementor-section-height-default elementor-section-height-default\" data-id=\"04b43c4\" data-element_type=\"section\" data-e-type=\"section\">\n\t\t\t\t\t\t<div class=\"elementor-container elementor-column-gap-default\">\n\t\t\t\t\t<div class=\"elementor-column elementor-col-100 elementor-top-column elementor-element elementor-element-6ba2baf\" data-id=\"6ba2baf\" data-element_type=\"column\" data-e-type=\"column\">\n\t\t\t<div class=\"elementor-widget-wrap elementor-element-populated\">\n\t\t\t\t\t\t<div class=\"elementor-element elementor-element-7953a4b elementor-widget elementor-widget-image\" data-id=\"7953a4b\" data-element_type=\"widget\" data-e-type=\"widget\" data-widget_type=\"image.default\">\n\t\t\t\t<div class=\"elementor-widget-container\">\n\t\t\t\t\t\t\t\t\t\t\t\t\t\t\t<img decoding=\"async\" src=\"https:\/\/fundaciolaninetadelsulls.org\/wp-content\/uploads\/2023\/09\/castellano23-24-scaled.jpg\" title=\"\" alt=\"\" loading=\"lazy\" \/>\t\t\t\t\t\t\t\t\t\t\t\t\t\t\t<\/div>\n\t\t\t\t<\/div>\n\t\t\t\t\t<\/div>\n\t\t<\/div>\n\t\t\t\t\t<\/div>\n\t\t<\/section>\n\t\t\t\t<section class=\"elementor-section elementor-top-section elementor-element elementor-element-7f06c66 elementor-section-boxed elementor-section-height-default elementor-section-height-default\" data-id=\"7f06c66\" data-element_type=\"section\" data-e-type=\"section\">\n\t\t\t\t\t\t<div class=\"elementor-container elementor-column-gap-default\">\n\t\t\t\t\t<div class=\"elementor-column elementor-col-100 elementor-top-column elementor-element elementor-element-1f865ad\" data-id=\"1f865ad\" data-element_type=\"column\" data-e-type=\"column\">\n\t\t\t<div class=\"elementor-widget-wrap elementor-element-populated\">\n\t\t\t\t\t\t<div class=\"elementor-element elementor-element-d0b7056 elementor-widget elementor-widget-spacer\" data-id=\"d0b7056\" data-element_type=\"widget\" data-e-type=\"widget\" data-widget_type=\"spacer.default\">\n\t\t\t\t<div class=\"elementor-widget-container\">\n\t\t\t\t\t\t\t<div class=\"elementor-spacer\">\n\t\t\t<div class=\"elementor-spacer-inner\"><\/div>\n\t\t<\/div>\n\t\t\t\t\t\t<\/div>\n\t\t\t\t<\/div>\n\t\t\t\t\t<\/div>\n\t\t<\/div>\n\t\t\t\t\t<\/div>\n\t\t<\/section>\n\t\t\t\t<section class=\"elementor-section elementor-top-section elementor-element elementor-element-3eee367 elementor-section-boxed elementor-section-height-default elementor-section-height-default\" data-id=\"3eee367\" data-element_type=\"section\" data-e-type=\"section\">\n\t\t\t\t\t\t<div class=\"elementor-container elementor-column-gap-default\">\n\t\t\t\t\t<div class=\"elementor-column elementor-col-100 elementor-top-column elementor-element elementor-element-96d7189\" data-id=\"96d7189\" data-element_type=\"column\" data-e-type=\"column\">\n\t\t\t<div class=\"elementor-widget-wrap elementor-element-populated\">\n\t\t\t\t\t\t<div class=\"elementor-element elementor-element-6c83135 elementor-widget elementor-widget-heading\" data-id=\"6c83135\" data-element_type=\"widget\" data-e-type=\"widget\" data-widget_type=\"heading.default\">\n\t\t\t\t<div class=\"elementor-widget-container\">\n\t\t\t\t\t<h2 class=\"elementor-heading-title elementor-size-default\">Datos de la Jornada:<\/h2>\t\t\t\t<\/div>\n\t\t\t\t<\/div>\n\t\t\t\t\t<\/div>\n\t\t<\/div>\n\t\t\t\t\t<\/div>\n\t\t<\/section>\n\t\t\t\t<section class=\"elementor-section elementor-top-section elementor-element elementor-element-f1b55ea elementor-section-boxed elementor-section-height-default elementor-section-height-default\" data-id=\"f1b55ea\" data-element_type=\"section\" data-e-type=\"section\" data-settings=\"{&quot;background_background&quot;:&quot;gradient&quot;,&quot;background_motion_fx_motion_fx_scrolling&quot;:&quot;yes&quot;,&quot;background_motion_fx_translateY_effect&quot;:&quot;yes&quot;,&quot;background_motion_fx_translateY_speed&quot;:{&quot;unit&quot;:&quot;px&quot;,&quot;size&quot;:4,&quot;sizes&quot;:[]},&quot;background_motion_fx_translateY_affectedRange&quot;:{&quot;unit&quot;:&quot;%&quot;,&quot;size&quot;:&quot;&quot;,&quot;sizes&quot;:{&quot;start&quot;:0,&quot;end&quot;:100}},&quot;background_motion_fx_devices&quot;:[&quot;desktop&quot;,&quot;tablet&quot;,&quot;mobile&quot;]}\">\n\t\t\t\t\t\t<div class=\"elementor-container elementor-column-gap-default\">\n\t\t\t\t\t<div class=\"elementor-column elementor-col-100 elementor-top-column elementor-element elementor-element-ec41f83\" data-id=\"ec41f83\" data-element_type=\"column\" data-e-type=\"column\">\n\t\t\t<div class=\"elementor-widget-wrap elementor-element-populated\">\n\t\t\t\t\t\t<section class=\"elementor-section elementor-inner-section elementor-element elementor-element-4cae2ff elementor-section-boxed elementor-section-height-default elementor-section-height-default\" data-id=\"4cae2ff\" data-element_type=\"section\" data-e-type=\"section\">\n\t\t\t\t\t\t<div class=\"elementor-container elementor-column-gap-default\">\n\t\t\t\t\t<div class=\"elementor-column elementor-col-50 elementor-inner-column elementor-element elementor-element-c18377b\" data-id=\"c18377b\" data-element_type=\"column\" data-e-type=\"column\">\n\t\t\t<div class=\"elementor-widget-wrap elementor-element-populated\">\n\t\t\t\t\t\t<div class=\"elementor-element elementor-element-7b2e3b2 elementor-widget elementor-widget-counter\" data-id=\"7b2e3b2\" data-element_type=\"widget\" data-e-type=\"widget\" data-widget_type=\"counter.default\">\n\t\t\t\t<div class=\"elementor-widget-container\">\n\t\t\t\t\t\t\t<div class=\"elementor-counter\">\n\t\t\t<div class=\"elementor-counter-title\"> Centros<\/div>\t\t\t<div class=\"elementor-counter-number-wrapper\">\n\t\t\t\t<span class=\"elementor-counter-number-prefix\"><\/span>\n\t\t\t\t<span class=\"elementor-counter-number\" data-duration=\"2000\" data-to-value=\"111\" data-from-value=\"0\" data-delimiter=\",\">0<\/span>\n\t\t\t\t<span class=\"elementor-counter-number-suffix\"><\/span>\n\t\t\t<\/div>\n\t\t<\/div>\n\t\t\t\t\t\t<\/div>\n\t\t\t\t<\/div>\n\t\t\t\t\t<\/div>\n\t\t<\/div>\n\t\t\t\t<div class=\"elementor-column elementor-col-50 elementor-inner-column elementor-element elementor-element-d1149b7\" data-id=\"d1149b7\" data-element_type=\"column\" data-e-type=\"column\">\n\t\t\t<div class=\"elementor-widget-wrap elementor-element-populated\">\n\t\t\t\t\t\t<div class=\"elementor-element elementor-element-e1b5e0c elementor-widget elementor-widget-counter\" data-id=\"e1b5e0c\" data-element_type=\"widget\" data-e-type=\"widget\" data-widget_type=\"counter.default\">\n\t\t\t\t<div class=\"elementor-widget-container\">\n\t\t\t\t\t\t\t<div class=\"elementor-counter\">\n\t\t\t<div class=\"elementor-counter-title\">Alumnos<\/div>\t\t\t<div class=\"elementor-counter-number-wrapper\">\n\t\t\t\t<span class=\"elementor-counter-number-prefix\"><\/span>\n\t\t\t\t<span class=\"elementor-counter-number\" data-duration=\"2000\" data-to-value=\"21893\" data-from-value=\"0\" data-delimiter=\",\">0<\/span>\n\t\t\t\t<span class=\"elementor-counter-number-suffix\"><\/span>\n\t\t\t<\/div>\n\t\t<\/div>\n\t\t\t\t\t\t<\/div>\n\t\t\t\t<\/div>\n\t\t\t\t\t<\/div>\n\t\t<\/div>\n\t\t\t\t\t<\/div>\n\t\t<\/section>\n\t\t\t\t<div class=\"elementor-element elementor-element-5400693 elementor-widget elementor-widget-html\" data-id=\"5400693\" data-element_type=\"widget\" data-e-type=\"widget\" data-widget_type=\"html.default\">\n\t\t\t\t<div class=\"elementor-widget-container\">\n\t\t\t\t\t<iframe src=\"https:\/\/www.google.com\/maps\/d\/u\/0\/embed?mid=1Qf-ahYDlcA0NuJaeoq-b93E7cwupnSM&ehbc=2E312F\" width=\"640\" height=\"480\"><\/iframe>\t\t\t\t<\/div>\n\t\t\t\t<\/div>\n\t\t\t\t\t<\/div>\n\t\t<\/div>\n\t\t\t\t\t<\/div>\n\t\t<\/section>\n\t\t\t\t<\/div>\n\t\t","protected":false},"excerpt":{"rendered":"<p>2a Jornada de las superhero\u00ednas y de los superh\u00e9roes Aqu\u00ed tienes un resumen de todo el que hicimos a la 2a Jornada: Datos de la Jornada: 0 Centros 0 Alumnos<\/p>\n","protected":false},"author":1,"featured_media":0,"parent":0,"menu_order":0,"comment_status":"closed","ping_status":"closed","template":"","meta":{"site-sidebar-layout":"no-sidebar","site-content-layout":"page-builder","ast-site-content-layout":"default","site-content-style":"default","site-sidebar-style":"default","ast-global-header-display":"","ast-banner-title-visibility":"","ast-main-header-display":"","ast-hfb-above-header-display":"","ast-hfb-below-header-display":"","ast-hfb-mobile-header-display":"","site-post-title":"disabled","ast-breadcrumbs-content":"","ast-featured-img":"disabled","footer-sml-layout":"","theme-transparent-header-meta":"default","adv-header-id-meta":"","stick-header-meta":"","header-above-stick-meta":"","header-main-stick-meta":"","header-below-stick-meta":"","astra-migrate-meta-layouts":"default","ast-page-background-enabled":"default","ast-page-background-meta":{"desktop":{"background-color":"","background-image":"","background-repeat":"repeat","background-position":"center center","background-size":"auto","background-attachment":"scroll","background-type":"","background-media":"","overlay-type":"","overlay-color":"","overlay-opacity":"","overlay-gradient":""},"tablet":{"background-color":"","background-image":"","background-repeat":"repeat","background-position":"center center","background-size":"auto","background-attachment":"scroll","background-type":"","background-media":"","overlay-type":"","overlay-color":"","overlay-opacity":"","overlay-gradient":""},"mobile":{"background-color":"","background-image":"","background-repeat":"repeat","background-position":"center center","background-size":"auto","background-attachment":"scroll","background-type":"","background-media":"","overlay-type":"","overlay-color":"","overlay-opacity":"","overlay-gradient":""}},"ast-content-background-meta":{"desktop":{"background-color":"var(--ast-global-color-5)","background-image":"","background-repeat":"repeat","background-position":"center center","background-size":"auto","background-attachment":"scroll","background-type":"","background-media":"","overlay-type":"","overlay-color":"","overlay-opacity":"","overlay-gradient":""},"tablet":{"background-color":"var(--ast-global-color-5)","background-image":"","background-repeat":"repeat","background-position":"center center","background-size":"auto","background-attachment":"scroll","background-type":"","background-media":"","overlay-type":"","overlay-color":"","overlay-opacity":"","overlay-gradient":""},"mobile":{"background-color":"var(--ast-global-color-5)","background-image":"","background-repeat":"repeat","background-position":"center center","background-size":"auto","background-attachment":"scroll","background-type":"","background-media":"","overlay-type":"","overlay-color":"","overlay-opacity":"","overlay-gradient":""}},"footnotes":""},"class_list":["post-7708","page","type-page","status-publish","hentry"],"yoast_head":"<!-- This site is optimized with the Yoast SEO plugin v25.4 - https:\/\/yoast.com\/wordpress\/plugins\/seo\/ -->\n<title>2a Jornada de las superhero\u00ednas y de los superh\u00e9roes | Fundaci\u00f3 La Nineta dels Ulls<\/title>\n<meta name=\"robots\" content=\"index, follow, max-snippet:-1, max-image-preview:large, max-video-preview:-1\" \/>\n<link rel=\"canonical\" href=\"https:\/\/fundaciolaninetadelsulls.org\/es\/2a-jornada-de-las-superheroinas-y-de-los-superheroes\/\" \/>\n<meta property=\"og:locale\" content=\"es_ES\" \/>\n<meta property=\"og:type\" content=\"article\" \/>\n<meta property=\"og:title\" content=\"2a Jornada de las superhero\u00ednas y de los superh\u00e9roes | Fundaci\u00f3 La Nineta dels Ulls\" \/>\n<meta property=\"og:description\" content=\"2a Jornada de las superhero\u00ednas y de los superh\u00e9roes Aqu\u00ed tienes un resumen de todo el que hicimos a la 2a Jornada: Datos de la Jornada: 0 Centros 0 Alumnos\" \/>\n<meta property=\"og:url\" content=\"https:\/\/fundaciolaninetadelsulls.org\/es\/2a-jornada-de-las-superheroinas-y-de-los-superheroes\/\" \/>\n<meta property=\"og:site_name\" content=\"Fundaci\u00f3 La Nineta dels Ulls\" \/>\n<meta property=\"article:modified_time\" content=\"2023-09-03T10:45:20+00:00\" \/>\n<meta property=\"og:image\" content=\"https:\/\/fundaciolaninetadelsulls.org\/wp-content\/uploads\/2023\/09\/castellano23-24-768x1086.jpg\" \/>\n<meta name=\"twitter:card\" content=\"summary_large_image\" \/>\n<meta name=\"twitter:label1\" content=\"Tiempo de lectura\" \/>\n\t<meta name=\"twitter:data1\" content=\"1 minuto\" \/>\n<!-- \/ Yoast SEO plugin. -->","yoast_head_json":{"title":"2a Jornada de las superhero\u00ednas y de los superh\u00e9roes | Fundaci\u00f3 La Nineta dels Ulls","robots":{"index":"index","follow":"follow","max-snippet":"max-snippet:-1","max-image-preview":"max-image-preview:large","max-video-preview":"max-video-preview:-1"},"canonical":"https:\/\/fundaciolaninetadelsulls.org\/es\/2a-jornada-de-las-superheroinas-y-de-los-superheroes\/","og_locale":"es_ES","og_type":"article","og_title":"2a Jornada de las superhero\u00ednas y de los superh\u00e9roes | Fundaci\u00f3 La Nineta dels Ulls","og_description":"2a Jornada de las superhero\u00ednas y de los superh\u00e9roes Aqu\u00ed tienes un resumen de todo el que hicimos a la 2a Jornada: Datos de la Jornada: 0 Centros 0 Alumnos","og_url":"https:\/\/fundaciolaninetadelsulls.org\/es\/2a-jornada-de-las-superheroinas-y-de-los-superheroes\/","og_site_name":"Fundaci\u00f3 La Nineta dels Ulls","article_modified_time":"2023-09-03T10:45:20+00:00","og_image":[{"url":"https:\/\/fundaciolaninetadelsulls.org\/wp-content\/uploads\/2023\/09\/castellano23-24-768x1086.jpg","type":"","width":"","height":""}],"twitter_card":"summary_large_image","twitter_misc":{"Tiempo de lectura":"1 minuto"},"schema":{"@context":"https:\/\/schema.org","@graph":[{"@type":"WebPage","@id":"https:\/\/fundaciolaninetadelsulls.org\/es\/2a-jornada-de-las-superheroinas-y-de-los-superheroes\/","url":"https:\/\/fundaciolaninetadelsulls.org\/es\/2a-jornada-de-las-superheroinas-y-de-los-superheroes\/","name":"2a Jornada de las superhero\u00ednas y de los superh\u00e9roes | Fundaci\u00f3 La Nineta dels Ulls","isPartOf":{"@id":"https:\/\/fundaciolaninetadelsulls.org\/es\/#website"},"primaryImageOfPage":{"@id":"https:\/\/fundaciolaninetadelsulls.org\/es\/2a-jornada-de-las-superheroinas-y-de-los-superheroes\/#primaryimage"},"image":{"@id":"https:\/\/fundaciolaninetadelsulls.org\/es\/2a-jornada-de-las-superheroinas-y-de-los-superheroes\/#primaryimage"},"thumbnailUrl":"https:\/\/fundaciolaninetadelsulls.org\/wp-content\/uploads\/2023\/09\/castellano23-24-768x1086.jpg","datePublished":"2023-09-03T10:31:21+00:00","dateModified":"2023-09-03T10:45:20+00:00","breadcrumb":{"@id":"https:\/\/fundaciolaninetadelsulls.org\/es\/2a-jornada-de-las-superheroinas-y-de-los-superheroes\/#breadcrumb"},"inLanguage":"es","potentialAction":[{"@type":"ReadAction","target":["https:\/\/fundaciolaninetadelsulls.org\/es\/2a-jornada-de-las-superheroinas-y-de-los-superheroes\/"]}]},{"@type":"ImageObject","inLanguage":"es","@id":"https:\/\/fundaciolaninetadelsulls.org\/es\/2a-jornada-de-las-superheroinas-y-de-los-superheroes\/#primaryimage","url":"https:\/\/fundaciolaninetadelsulls.org\/wp-content\/uploads\/2023\/09\/castellano23-24-768x1086.jpg","contentUrl":"https:\/\/fundaciolaninetadelsulls.org\/wp-content\/uploads\/2023\/09\/castellano23-24-768x1086.jpg"},{"@type":"BreadcrumbList","@id":"https:\/\/fundaciolaninetadelsulls.org\/es\/2a-jornada-de-las-superheroinas-y-de-los-superheroes\/#breadcrumb","itemListElement":[{"@type":"ListItem","position":1,"name":"Inicio","item":"https:\/\/fundaciolaninetadelsulls.org\/es\/"},{"@type":"ListItem","position":2,"name":"2a Jornada de las superhero\u00ednas y de los superh\u00e9roes"}]},{"@type":"WebSite","@id":"https:\/\/fundaciolaninetadelsulls.org\/es\/#website","url":"https:\/\/fundaciolaninetadelsulls.org\/es\/","name":"Fundaci\u00f3 La Nineta dels Ulls","description":"Objetivo Retinoblastoma","publisher":{"@id":"https:\/\/fundaciolaninetadelsulls.org\/es\/#organization"},"potentialAction":[{"@type":"SearchAction","target":{"@type":"EntryPoint","urlTemplate":"https:\/\/fundaciolaninetadelsulls.org\/es\/?s={search_term_string}"},"query-input":{"@type":"PropertyValueSpecification","valueRequired":true,"valueName":"search_term_string"}}],"inLanguage":"es"},{"@type":"Organization","@id":"https:\/\/fundaciolaninetadelsulls.org\/es\/#organization","name":"Fundaci\u00f3 La Nineta dels Ulls","url":"https:\/\/fundaciolaninetadelsulls.org\/es\/","logo":{"@type":"ImageObject","inLanguage":"es","@id":"https:\/\/fundaciolaninetadelsulls.org\/es\/#\/schema\/logo\/image\/","url":"https:\/\/fundaciolaninetadelsulls.org\/wp-content\/uploads\/2020\/12\/logo-fundacion-la-nineta-dels-ullst.png","contentUrl":"https:\/\/fundaciolaninetadelsulls.org\/wp-content\/uploads\/2020\/12\/logo-fundacion-la-nineta-dels-ullst.png","width":1467,"height":446,"caption":"Fundaci\u00f3 La Nineta dels Ulls"},"image":{"@id":"https:\/\/fundaciolaninetadelsulls.org\/es\/#\/schema\/logo\/image\/"}}]}},"_links":{"self":[{"href":"https:\/\/fundaciolaninetadelsulls.org\/es\/wp-json\/wp\/v2\/pages\/7708","targetHints":{"allow":["GET"]}}],"collection":[{"href":"https:\/\/fundaciolaninetadelsulls.org\/es\/wp-json\/wp\/v2\/pages"}],"about":[{"href":"https:\/\/fundaciolaninetadelsulls.org\/es\/wp-json\/wp\/v2\/types\/page"}],"author":[{"embeddable":true,"href":"https:\/\/fundaciolaninetadelsulls.org\/es\/wp-json\/wp\/v2\/users\/1"}],"replies":[{"embeddable":true,"href":"https:\/\/fundaciolaninetadelsulls.org\/es\/wp-json\/wp\/v2\/comments?post=7708"}],"version-history":[{"count":0,"href":"https:\/\/fundaciolaninetadelsulls.org\/es\/wp-json\/wp\/v2\/pages\/7708\/revisions"}],"wp:attachment":[{"href":"https:\/\/fundaciolaninetadelsulls.org\/es\/wp-json\/wp\/v2\/media?parent=7708"}],"curies":[{"name":"wp","href":"https:\/\/api.w.org\/{rel}","templated":true}]}}