{"id":3136,"date":"2021-07-10T18:40:24","date_gmt":"2021-07-10T18:40:24","guid":{"rendered":"https:\/\/fundaciolaninetadelsulls.org\/?page_id=3136"},"modified":"2022-01-25T11:27:38","modified_gmt":"2022-01-25T11:27:38","slug":"apoyo-a-familias","status":"publish","type":"page","link":"https:\/\/fundaciolaninetadelsulls.org\/es\/apoyo-a-familias\/","title":{"rendered":"Apoyo a familias y pacientes"},"content":{"rendered":"\t\t<div data-elementor-type=\"wp-page\" data-elementor-id=\"3136\" class=\"elementor elementor-3136\" data-elementor-post-type=\"page\">\n\t\t\t\t\t\t<section class=\"elementor-section elementor-top-section elementor-element elementor-element-d3330c6 elementor-section-full_width elementor-section-height-default elementor-section-height-default\" data-id=\"d3330c6\" data-element_type=\"section\" data-e-type=\"section\" data-settings=\"{&quot;background_background&quot;:&quot;classic&quot;}\">\n\t\t\t\t\t\t\t<div class=\"elementor-background-overlay\"><\/div>\n\t\t\t\t\t\t\t<div class=\"elementor-container elementor-column-gap-default\">\n\t\t\t\t\t<div class=\"elementor-column elementor-col-100 elementor-top-column elementor-element elementor-element-1d05fe7\" data-id=\"1d05fe7\" data-element_type=\"column\" data-e-type=\"column\">\n\t\t\t<div class=\"elementor-widget-wrap elementor-element-populated\">\n\t\t\t\t\t\t<div class=\"elementor-element elementor-element-9911c5f elementor-widget elementor-widget-heading\" data-id=\"9911c5f\" data-element_type=\"widget\" data-e-type=\"widget\" data-widget_type=\"heading.default\">\n\t\t\t\t<div class=\"elementor-widget-container\">\n\t\t\t\t\t<h2 class=\"elementor-heading-title elementor-size-default\">Apoyo a familias y pacientes<\/h2>\t\t\t\t<\/div>\n\t\t\t\t<\/div>\n\t\t\t\t\t<\/div>\n\t\t<\/div>\n\t\t\t\t\t<\/div>\n\t\t<\/section>\n\t\t\t\t<section class=\"elementor-section elementor-top-section elementor-element elementor-element-d04f922 elementor-section-boxed elementor-section-height-default elementor-section-height-default\" data-id=\"d04f922\" data-element_type=\"section\" data-e-type=\"section\">\n\t\t\t\t\t\t<div class=\"elementor-container elementor-column-gap-default\">\n\t\t\t\t\t<div class=\"elementor-column elementor-col-100 elementor-top-column elementor-element elementor-element-db77c78\" data-id=\"db77c78\" data-element_type=\"column\" data-e-type=\"column\">\n\t\t\t<div class=\"elementor-widget-wrap elementor-element-populated\">\n\t\t\t\t\t\t<div class=\"elementor-element elementor-element-ddb6267 elementor-widget elementor-widget-spacer\" data-id=\"ddb6267\" data-element_type=\"widget\" data-e-type=\"widget\" data-widget_type=\"spacer.default\">\n\t\t\t\t<div class=\"elementor-widget-container\">\n\t\t\t\t\t\t\t<div class=\"elementor-spacer\">\n\t\t\t<div class=\"elementor-spacer-inner\"><\/div>\n\t\t<\/div>\n\t\t\t\t\t\t<\/div>\n\t\t\t\t<\/div>\n\t\t\t\t\t<\/div>\n\t\t<\/div>\n\t\t\t\t\t<\/div>\n\t\t<\/section>\n\t\t\t\t<section class=\"elementor-section elementor-top-section elementor-element elementor-element-2be0abc elementor-section-boxed elementor-section-height-default elementor-section-height-default\" data-id=\"2be0abc\" data-element_type=\"section\" data-e-type=\"section\">\n\t\t\t\t\t\t<div class=\"elementor-container elementor-column-gap-default\">\n\t\t\t\t\t<div class=\"elementor-column elementor-col-100 elementor-top-column elementor-element elementor-element-8d18716\" data-id=\"8d18716\" data-element_type=\"column\" data-e-type=\"column\">\n\t\t\t<div class=\"elementor-widget-wrap elementor-element-populated\">\n\t\t\t\t\t\t<div class=\"elementor-element elementor-element-3a4f74e elementor-widget elementor-widget-toggle\" data-id=\"3a4f74e\" data-element_type=\"widget\" data-e-type=\"widget\" data-widget_type=\"toggle.default\">\n\t\t\t\t<div class=\"elementor-widget-container\">\n\t\t\t\t\t\t\t<div class=\"elementor-toggle\">\n\t\t\t\t\t\t\t<div class=\"elementor-toggle-item\">\n\t\t\t\t\t<div id=\"elementor-tab-title-6111\" class=\"elementor-tab-title\" data-tab=\"1\" role=\"button\" aria-controls=\"elementor-tab-content-6111\" aria-expanded=\"false\">\n\t\t\t\t\t\t\t\t\t\t\t\t<span class=\"elementor-toggle-icon elementor-toggle-icon-left\" aria-hidden=\"true\">\n\t\t\t\t\t\t\t\t\t\t\t\t\t\t\t<span class=\"elementor-toggle-icon-closed\"><i class=\"fas fa-caret-right\"><\/i><\/span>\n\t\t\t\t\t\t\t\t<span class=\"elementor-toggle-icon-opened\"><i class=\"elementor-toggle-icon-opened fas fa-caret-up\"><\/i><\/span>\n\t\t\t\t\t\t\t\t\t\t\t\t\t<\/span>\n\t\t\t\t\t\t\t\t\t\t\t\t<a class=\"elementor-toggle-title\" tabindex=\"0\">Acompa\u00f1amiento emocional<\/a>\n\t\t\t\t\t<\/div>\n\n\t\t\t\t\t<div id=\"elementor-tab-content-6111\" class=\"elementor-tab-content elementor-clearfix\" data-tab=\"1\" role=\"region\" aria-labelledby=\"elementor-tab-title-6111\"><p>Afrontar el c\u00e1ncer requiere un <strong>proceso de adaptaci\u00f3n<\/strong> muy importante a lo largo de todas las etapas de la enfermedad. En el c\u00e1ncer infantil, es natural que aparezcan el miedo, la incredulidad, la culpa, la ansiedad, la incertidumbre y la depresi\u00f3n, entre otros. Estos s\u00edntomas y emociones hay que aprenderlas a <strong>controlar y gestionar<\/strong>.<\/p><p>Es por ello que la Fundaci\u00f3 La Nineta dels Ulls ofrecemos a las familias amigas de la Fundaci\u00f3n acompa\u00f1amiento emocional a cargo de la psic\u00f3loga Rosa Mar\u00eda Valls Busca.<\/p><p><img fetchpriority=\"high\" decoding=\"async\" class=\"aligncenter wp-image-2990 size-medium\" src=\"https:\/\/fundaciolaninetadelsulls.org\/wp-content\/uploads\/2021\/06\/rosamaria-206x300.jpg\" alt=\"\" width=\"206\" height=\"300\" srcset=\"https:\/\/fundaciolaninetadelsulls.org\/wp-content\/uploads\/2021\/06\/rosamaria-206x300.jpg 206w, https:\/\/fundaciolaninetadelsulls.org\/wp-content\/uploads\/2021\/06\/rosamaria.jpg 559w\" sizes=\"(max-width: 206px) 100vw, 206px\" \/><\/p><p>Rosa Maria es psic\u00f3loga cl\u00ednica especializada en el tratamiento de las drogodependencias y en el manejo de situaciones de estr\u00e9s. Ha trabajado en la Cruz Roja de Barcelona y en la de Roma, desarrollando actividades de formaci\u00f3n y terapias orientadas al manejo del estr\u00e9s y resoluci\u00f3n de conflictos en el marco de la Psicologia cognitiva.<\/p><p>Personalmente ha vivido situaciones de acompa\u00f1amiento a pacientes oncol\u00f3gicos y participado en grupos de apoyo a familiares con ni\u00f1os con diversas patolog\u00edas pedi\u00e1tricas.<\/p><p><strong>\u00c1mbitos de acompa\u00f1amiento emocional para las familias:<\/strong><\/p><ul><li>Ayudar en el <strong>manejo de las emociones<\/strong> en las distintas fases de la enfermedad, ense\u00f1ar a detectarlas, aceptarlas y afrontarlas para preservar al m\u00e1ximo la salud emocional.<\/li><li><strong>Desculpabilizar a los padres<\/strong> sobre las causas de la enfermedad y de la detecci\u00f3n, a veces tard\u00eda, del retinoblastoma. As\u00ed como la creaci\u00f3n de un entorno de confianza que permita expresar sentimientos y dudas que aparecer\u00e1n tras el shock inicial.<\/li><li>Ayudar a <strong>comunicar el diagn\u00f3stico de retinoblastoma al hijo\/-a<\/strong> afectado con estrategias adecuadas a su edad, as\u00ed como prepararse para responder a sus posibles preguntas.<\/li><li><strong>Informar e involucrar al resto de integrantes de la familia<\/strong>, lo que facilitatr\u00e1 la aceptaci\u00f3n de los cambios en la din\u00e1mica familiar que el tratamiento conllevar\u00e1.<\/li><li><strong>Apoyar la implicaci\u00f3n y adaptaci\u00f3n<\/strong> al tratamiento.<\/li><li>Favorecer la <strong>normalizaci\u00f3n de la vida<\/strong> y la <strong>integraci\u00f3n social<\/strong> de la familia.<\/li><li>Aprender a <strong>afrontar los per\u00edodos de incertidumbre<\/strong> en espera de resultados y las posibles reca\u00eddas de la enfermedad.<\/li><\/ul><p>Contacto:: <a href=\"mailto:info@fundaciolaninetadelsulls.org\"><span style=\"color: #ff9e00;\"><strong>info@fundaciolaninetadelsulls.org<\/strong><\/span><\/a><\/p><\/div>\n\t\t\t\t<\/div>\n\t\t\t\t\t\t\t<div class=\"elementor-toggle-item\">\n\t\t\t\t\t<div id=\"elementor-tab-title-6112\" class=\"elementor-tab-title\" data-tab=\"2\" role=\"button\" aria-controls=\"elementor-tab-content-6112\" aria-expanded=\"false\">\n\t\t\t\t\t\t\t\t\t\t\t\t<span class=\"elementor-toggle-icon elementor-toggle-icon-left\" aria-hidden=\"true\">\n\t\t\t\t\t\t\t\t\t\t\t\t\t\t\t<span class=\"elementor-toggle-icon-closed\"><i class=\"fas fa-caret-right\"><\/i><\/span>\n\t\t\t\t\t\t\t\t<span class=\"elementor-toggle-icon-opened\"><i class=\"elementor-toggle-icon-opened fas fa-caret-up\"><\/i><\/span>\n\t\t\t\t\t\t\t\t\t\t\t\t\t<\/span>\n\t\t\t\t\t\t\t\t\t\t\t\t<a class=\"elementor-toggle-title\" tabindex=\"0\">Orientaci\u00f3n jur\u00eddica y laboral<\/a>\n\t\t\t\t\t<\/div>\n\n\t\t\t\t\t<div id=\"elementor-tab-content-6112\" class=\"elementor-tab-content elementor-clearfix\" data-tab=\"2\" role=\"region\" aria-labelledby=\"elementor-tab-title-6112\"><p>El diagn\u00f3stico de c\u00e1ncer tiene unas repercusiones muy importantes en el \u00e1mbito familiar que generan una fuerte reestructuraci\u00f3n y un cambio en las rutinas familiares. Las estancias en el hospital, las constantes visitas y controles y los desplazamientos, muchas veces alejados de lugar de residencia habitual, pueden acabar generando <strong>problemas en el \u00e1mbito laboral<\/strong> de los progenitores de la ni\u00f1a o ni\u00f1o afectados por la enfermedad. Esto provoca que la situaci\u00f3n se vuelva, si cabe, a\u00fan m\u00e1s complicada.<\/p><p>En la Fundaci\u00f3n La Nineta dels Ulls ofrecemos a las familias amigas de la Fundaci\u00f3n <strong>orientaci\u00f3n jur\u00eddica y laboral<\/strong> a cargo de la abogada Elisenda Villares Vilella.<\/p><p><img decoding=\"async\" class=\"aligncenter wp-image-3002 size-medium\" src=\"https:\/\/fundaciolaninetadelsulls.org\/wp-content\/uploads\/2021\/06\/Fotografia-carnet-EVV-1-234x300.jpg\" alt=\"\" width=\"234\" height=\"300\" srcset=\"https:\/\/fundaciolaninetadelsulls.org\/wp-content\/uploads\/2021\/06\/Fotografia-carnet-EVV-1-234x300.jpg 234w, https:\/\/fundaciolaninetadelsulls.org\/wp-content\/uploads\/2021\/06\/Fotografia-carnet-EVV-1-scaled-600x769.jpg 600w, https:\/\/fundaciolaninetadelsulls.org\/wp-content\/uploads\/2021\/06\/Fotografia-carnet-EVV-1-799x1024.jpg 799w, https:\/\/fundaciolaninetadelsulls.org\/wp-content\/uploads\/2021\/06\/Fotografia-carnet-EVV-1-768x984.jpg 768w, https:\/\/fundaciolaninetadelsulls.org\/wp-content\/uploads\/2021\/06\/Fotografia-carnet-EVV-1-1198x1536.jpg 1198w, https:\/\/fundaciolaninetadelsulls.org\/wp-content\/uploads\/2021\/06\/Fotografia-carnet-EVV-1-1598x2048.jpg 1598w, https:\/\/fundaciolaninetadelsulls.org\/wp-content\/uploads\/2021\/06\/Fotografia-carnet-EVV-1-scaled.jpg 1997w\" sizes=\"(max-width: 234px) 100vw, 234px\" \/><\/p><p>Elisenda es Graduada en Derecho. M\u00e1ster de Abogac\u00eda y Pr\u00e1ctica Jur\u00eddica. M\u00e1ster en Derecho del Trabajo y Seguridad Social. Especializaci\u00f3n letrada en violencia de g\u00e9nero. Abogada colegiada del Ilustre Colegio de Abogados de Tarragona.<\/p><p>Contacto:<span style=\"color: #ff9e00;\"><strong> <a style=\"color: #ff9e00;\" href=\"mailto:info@fundaciolaninetadelsulls.org\">info@fundaciolaninetadelsulls.org<\/a><\/strong><\/span><\/p><\/div>\n\t\t\t\t<\/div>\n\t\t\t\t\t\t\t\t<\/div>\n\t\t\t\t\t\t<\/div>\n\t\t\t\t<\/div>\n\t\t\t\t\t<\/div>\n\t\t<\/div>\n\t\t\t\t\t<\/div>\n\t\t<\/section>\n\t\t\t\t<section class=\"elementor-section elementor-top-section elementor-element elementor-element-8803699 elementor-section-boxed elementor-section-height-default elementor-section-height-default\" data-id=\"8803699\" data-element_type=\"section\" data-e-type=\"section\">\n\t\t\t\t\t\t<div class=\"elementor-container elementor-column-gap-default\">\n\t\t\t\t\t<div class=\"elementor-column elementor-col-100 elementor-top-column elementor-element elementor-element-869be90\" data-id=\"869be90\" data-element_type=\"column\" data-e-type=\"column\">\n\t\t\t<div class=\"elementor-widget-wrap elementor-element-populated\">\n\t\t\t\t\t\t<div class=\"elementor-element elementor-element-42d5c3e elementor-widget elementor-widget-spacer\" data-id=\"42d5c3e\" data-element_type=\"widget\" data-e-type=\"widget\" data-widget_type=\"spacer.default\">\n\t\t\t\t<div class=\"elementor-widget-container\">\n\t\t\t\t\t\t\t<div class=\"elementor-spacer\">\n\t\t\t<div class=\"elementor-spacer-inner\"><\/div>\n\t\t<\/div>\n\t\t\t\t\t\t<\/div>\n\t\t\t\t<\/div>\n\t\t\t\t\t<\/div>\n\t\t<\/div>\n\t\t\t\t\t<\/div>\n\t\t<\/section>\n\t\t\t\t<\/div>\n\t\t","protected":false},"excerpt":{"rendered":"<p>Apoyo a familias y pacientes Acompa\u00f1amiento emocional Afrontar el c\u00e1ncer requiere un proceso de adaptaci\u00f3n muy importante a lo largo de todas las etapas de la enfermedad. En el c\u00e1ncer infantil, es natural que aparezcan el miedo, la incredulidad, la culpa, la ansiedad, la incertidumbre y la depresi\u00f3n, entre otros. Estos s\u00edntomas y emociones hay [&hellip;]<\/p>\n","protected":false},"author":1,"featured_media":0,"parent":0,"menu_order":0,"comment_status":"closed","ping_status":"closed","template":"","meta":{"site-sidebar-layout":"no-sidebar","site-content-layout":"page-builder","ast-site-content-layout":"full-width-container","site-content-style":"unboxed","site-sidebar-style":"unboxed","ast-global-header-display":"","ast-banner-title-visibility":"","ast-main-header-display":"","ast-hfb-above-header-display":"","ast-hfb-below-header-display":"","ast-hfb-mobile-header-display":"","site-post-title":"disabled","ast-breadcrumbs-content":"","ast-featured-img":"disabled","footer-sml-layout":"","theme-transparent-header-meta":"default","adv-header-id-meta":"","stick-header-meta":"","header-above-stick-meta":"","header-main-stick-meta":"","header-below-stick-meta":"","astra-migrate-meta-layouts":"default","ast-page-background-enabled":"default","ast-page-background-meta":{"desktop":{"background-color":"","background-image":"","background-repeat":"repeat","background-position":"center center","background-size":"auto","background-attachment":"scroll","background-type":"","background-media":"","overlay-type":"","overlay-color":"","overlay-opacity":"","overlay-gradient":""},"tablet":{"background-color":"","background-image":"","background-repeat":"repeat","background-position":"center center","background-size":"auto","background-attachment":"scroll","background-type":"","background-media":"","overlay-type":"","overlay-color":"","overlay-opacity":"","overlay-gradient":""},"mobile":{"background-color":"","background-image":"","background-repeat":"repeat","background-position":"center center","background-size":"auto","background-attachment":"scroll","background-type":"","background-media":"","overlay-type":"","overlay-color":"","overlay-opacity":"","overlay-gradient":""}},"ast-content-background-meta":{"desktop":{"background-color":"var(--ast-global-color-5)","background-image":"","background-repeat":"repeat","background-position":"center center","background-size":"auto","background-attachment":"scroll","background-type":"","background-media":"","overlay-type":"","overlay-color":"","overlay-opacity":"","overlay-gradient":""},"tablet":{"background-color":"var(--ast-global-color-5)","background-image":"","background-repeat":"repeat","background-position":"center center","background-size":"auto","background-attachment":"scroll","background-type":"","background-media":"","overlay-type":"","overlay-color":"","overlay-opacity":"","overlay-gradient":""},"mobile":{"background-color":"var(--ast-global-color-5)","background-image":"","background-repeat":"repeat","background-position":"center center","background-size":"auto","background-attachment":"scroll","background-type":"","background-media":"","overlay-type":"","overlay-color":"","overlay-opacity":"","overlay-gradient":""}},"footnotes":""},"class_list":["post-3136","page","type-page","status-publish","hentry"],"yoast_head":"<!-- This site is optimized with the Yoast SEO plugin v25.4 - https:\/\/yoast.com\/wordpress\/plugins\/seo\/ -->\n<title>Apoyo a familias y pacientes | Fundaci\u00f3 La Nineta dels Ulls<\/title>\n<meta name=\"robots\" content=\"index, follow, max-snippet:-1, max-image-preview:large, max-video-preview:-1\" \/>\n<link rel=\"canonical\" href=\"https:\/\/fundaciolaninetadelsulls.org\/es\/apoyo-a-familias\/\" \/>\n<meta property=\"og:locale\" content=\"es_ES\" \/>\n<meta property=\"og:type\" content=\"article\" \/>\n<meta property=\"og:title\" content=\"Apoyo a familias y pacientes | Fundaci\u00f3 La Nineta dels Ulls\" \/>\n<meta property=\"og:description\" content=\"Apoyo a familias y pacientes Acompa\u00f1amiento emocional Afrontar el c\u00e1ncer requiere un proceso de adaptaci\u00f3n muy importante a lo largo de todas las etapas de la enfermedad. En el c\u00e1ncer infantil, es natural que aparezcan el miedo, la incredulidad, la culpa, la ansiedad, la incertidumbre y la depresi\u00f3n, entre otros. Estos s\u00edntomas y emociones hay [&hellip;]\" \/>\n<meta property=\"og:url\" content=\"https:\/\/fundaciolaninetadelsulls.org\/es\/apoyo-a-familias\/\" \/>\n<meta property=\"og:site_name\" content=\"Fundaci\u00f3 La Nineta dels Ulls\" \/>\n<meta property=\"article:modified_time\" content=\"2022-01-25T11:27:38+00:00\" \/>\n<meta property=\"og:image\" content=\"https:\/\/fundaciolaninetadelsulls.org\/wp-content\/uploads\/2021\/06\/rosamaria-206x300.jpg\" \/>\n<meta name=\"twitter:card\" content=\"summary_large_image\" \/>\n<meta name=\"twitter:label1\" content=\"Tiempo de lectura\" \/>\n\t<meta name=\"twitter:data1\" content=\"3 minutos\" \/>\n<!-- \/ Yoast SEO plugin. -->","yoast_head_json":{"title":"Apoyo a familias y pacientes | Fundaci\u00f3 La Nineta dels Ulls","robots":{"index":"index","follow":"follow","max-snippet":"max-snippet:-1","max-image-preview":"max-image-preview:large","max-video-preview":"max-video-preview:-1"},"canonical":"https:\/\/fundaciolaninetadelsulls.org\/es\/apoyo-a-familias\/","og_locale":"es_ES","og_type":"article","og_title":"Apoyo a familias y pacientes | Fundaci\u00f3 La Nineta dels Ulls","og_description":"Apoyo a familias y pacientes Acompa\u00f1amiento emocional Afrontar el c\u00e1ncer requiere un proceso de adaptaci\u00f3n muy importante a lo largo de todas las etapas de la enfermedad. En el c\u00e1ncer infantil, es natural que aparezcan el miedo, la incredulidad, la culpa, la ansiedad, la incertidumbre y la depresi\u00f3n, entre otros. Estos s\u00edntomas y emociones hay [&hellip;]","og_url":"https:\/\/fundaciolaninetadelsulls.org\/es\/apoyo-a-familias\/","og_site_name":"Fundaci\u00f3 La Nineta dels Ulls","article_modified_time":"2022-01-25T11:27:38+00:00","og_image":[{"url":"https:\/\/fundaciolaninetadelsulls.org\/wp-content\/uploads\/2021\/06\/rosamaria-206x300.jpg","type":"","width":"","height":""}],"twitter_card":"summary_large_image","twitter_misc":{"Tiempo de lectura":"3 minutos"},"schema":{"@context":"https:\/\/schema.org","@graph":[{"@type":"WebPage","@id":"https:\/\/fundaciolaninetadelsulls.org\/es\/apoyo-a-familias\/","url":"https:\/\/fundaciolaninetadelsulls.org\/es\/apoyo-a-familias\/","name":"Apoyo a familias y pacientes | Fundaci\u00f3 La Nineta dels Ulls","isPartOf":{"@id":"https:\/\/fundaciolaninetadelsulls.org\/es\/#website"},"primaryImageOfPage":{"@id":"https:\/\/fundaciolaninetadelsulls.org\/es\/apoyo-a-familias\/#primaryimage"},"image":{"@id":"https:\/\/fundaciolaninetadelsulls.org\/es\/apoyo-a-familias\/#primaryimage"},"thumbnailUrl":"https:\/\/fundaciolaninetadelsulls.org\/wp-content\/uploads\/2021\/06\/rosamaria-206x300.jpg","datePublished":"2021-07-10T18:40:24+00:00","dateModified":"2022-01-25T11:27:38+00:00","breadcrumb":{"@id":"https:\/\/fundaciolaninetadelsulls.org\/es\/apoyo-a-familias\/#breadcrumb"},"inLanguage":"es","potentialAction":[{"@type":"ReadAction","target":["https:\/\/fundaciolaninetadelsulls.org\/es\/apoyo-a-familias\/"]}]},{"@type":"ImageObject","inLanguage":"es","@id":"https:\/\/fundaciolaninetadelsulls.org\/es\/apoyo-a-familias\/#primaryimage","url":"https:\/\/fundaciolaninetadelsulls.org\/wp-content\/uploads\/2021\/06\/rosamaria-206x300.jpg","contentUrl":"https:\/\/fundaciolaninetadelsulls.org\/wp-content\/uploads\/2021\/06\/rosamaria-206x300.jpg"},{"@type":"BreadcrumbList","@id":"https:\/\/fundaciolaninetadelsulls.org\/es\/apoyo-a-familias\/#breadcrumb","itemListElement":[{"@type":"ListItem","position":1,"name":"Inicio","item":"https:\/\/fundaciolaninetadelsulls.org\/es\/"},{"@type":"ListItem","position":2,"name":"Apoyo a familias y pacientes"}]},{"@type":"WebSite","@id":"https:\/\/fundaciolaninetadelsulls.org\/es\/#website","url":"https:\/\/fundaciolaninetadelsulls.org\/es\/","name":"Fundaci\u00f3 La Nineta dels Ulls","description":"Objetivo Retinoblastoma","publisher":{"@id":"https:\/\/fundaciolaninetadelsulls.org\/es\/#organization"},"potentialAction":[{"@type":"SearchAction","target":{"@type":"EntryPoint","urlTemplate":"https:\/\/fundaciolaninetadelsulls.org\/es\/?s={search_term_string}"},"query-input":{"@type":"PropertyValueSpecification","valueRequired":true,"valueName":"search_term_string"}}],"inLanguage":"es"},{"@type":"Organization","@id":"https:\/\/fundaciolaninetadelsulls.org\/es\/#organization","name":"Fundaci\u00f3 La Nineta dels Ulls","url":"https:\/\/fundaciolaninetadelsulls.org\/es\/","logo":{"@type":"ImageObject","inLanguage":"es","@id":"https:\/\/fundaciolaninetadelsulls.org\/es\/#\/schema\/logo\/image\/","url":"https:\/\/fundaciolaninetadelsulls.org\/wp-content\/uploads\/2020\/12\/logo-fundacion-la-nineta-dels-ullst.png","contentUrl":"https:\/\/fundaciolaninetadelsulls.org\/wp-content\/uploads\/2020\/12\/logo-fundacion-la-nineta-dels-ullst.png","width":1467,"height":446,"caption":"Fundaci\u00f3 La Nineta dels Ulls"},"image":{"@id":"https:\/\/fundaciolaninetadelsulls.org\/es\/#\/schema\/logo\/image\/"}}]}},"_links":{"self":[{"href":"https:\/\/fundaciolaninetadelsulls.org\/es\/wp-json\/wp\/v2\/pages\/3136","targetHints":{"allow":["GET"]}}],"collection":[{"href":"https:\/\/fundaciolaninetadelsulls.org\/es\/wp-json\/wp\/v2\/pages"}],"about":[{"href":"https:\/\/fundaciolaninetadelsulls.org\/es\/wp-json\/wp\/v2\/types\/page"}],"author":[{"embeddable":true,"href":"https:\/\/fundaciolaninetadelsulls.org\/es\/wp-json\/wp\/v2\/users\/1"}],"replies":[{"embeddable":true,"href":"https:\/\/fundaciolaninetadelsulls.org\/es\/wp-json\/wp\/v2\/comments?post=3136"}],"version-history":[{"count":0,"href":"https:\/\/fundaciolaninetadelsulls.org\/es\/wp-json\/wp\/v2\/pages\/3136\/revisions"}],"wp:attachment":[{"href":"https:\/\/fundaciolaninetadelsulls.org\/es\/wp-json\/wp\/v2\/media?parent=3136"}],"curies":[{"name":"wp","href":"https:\/\/api.w.org\/{rel}","templated":true}]}}