{"id":2258,"date":"2021-03-31T16:57:49","date_gmt":"2021-03-31T16:57:49","guid":{"rendered":"https:\/\/fundaciolaninetadelsulls.org\/?page_id=2258"},"modified":"2021-03-31T17:01:34","modified_gmt":"2021-03-31T17:01:34","slug":"politica-de-proteccion-de-datos-para-amigos","status":"publish","type":"page","link":"https:\/\/fundaciolaninetadelsulls.org\/es\/politica-de-proteccion-de-datos-para-amigos\/","title":{"rendered":"Pol\u00edtica de Protecci\u00f3n de Datos para Amigos"},"content":{"rendered":"\t\t<div data-elementor-type=\"wp-page\" data-elementor-id=\"2258\" class=\"elementor elementor-2258 elementor-2203\" data-elementor-post-type=\"page\">\n\t\t\t\t\t\t<section class=\"elementor-section elementor-top-section elementor-element elementor-element-cad2956 elementor-section-full_width elementor-section-height-default elementor-section-height-default\" data-id=\"cad2956\" data-element_type=\"section\" data-e-type=\"section\" data-settings=\"{&quot;background_background&quot;:&quot;classic&quot;}\">\n\t\t\t\t\t\t\t<div class=\"elementor-background-overlay\"><\/div>\n\t\t\t\t\t\t\t<div class=\"elementor-container elementor-column-gap-default\">\n\t\t\t\t\t<div class=\"elementor-column elementor-col-100 elementor-top-column elementor-element elementor-element-6cbced7\" data-id=\"6cbced7\" data-element_type=\"column\" data-e-type=\"column\">\n\t\t\t<div class=\"elementor-widget-wrap elementor-element-populated\">\n\t\t\t\t\t\t<div class=\"elementor-element elementor-element-2cb7031 elementor-widget elementor-widget-heading\" data-id=\"2cb7031\" data-element_type=\"widget\" data-e-type=\"widget\" data-widget_type=\"heading.default\">\n\t\t\t\t<div class=\"elementor-widget-container\">\n\t\t\t\t\t<h2 class=\"elementor-heading-title elementor-size-default\">Pol\u00edtica de Protecci\u00f3n de Datos para Amigos <\/h2>\t\t\t\t<\/div>\n\t\t\t\t<\/div>\n\t\t\t\t\t<\/div>\n\t\t<\/div>\n\t\t\t\t\t<\/div>\n\t\t<\/section>\n\t\t\t\t<section class=\"elementor-section elementor-top-section elementor-element elementor-element-8a26ffc elementor-section-boxed elementor-section-height-default elementor-section-height-default\" data-id=\"8a26ffc\" data-element_type=\"section\" data-e-type=\"section\">\n\t\t\t\t\t\t<div class=\"elementor-container elementor-column-gap-default\">\n\t\t\t\t\t<div class=\"elementor-column elementor-col-100 elementor-top-column elementor-element elementor-element-f94374e\" data-id=\"f94374e\" data-element_type=\"column\" data-e-type=\"column\">\n\t\t\t<div class=\"elementor-widget-wrap elementor-element-populated\">\n\t\t\t\t\t\t<section class=\"elementor-section elementor-inner-section elementor-element elementor-element-73563a0 elementor-section-boxed elementor-section-height-default elementor-section-height-default\" data-id=\"73563a0\" data-element_type=\"section\" data-e-type=\"section\">\n\t\t\t\t\t\t<div class=\"elementor-container elementor-column-gap-default\">\n\t\t\t\t\t<div class=\"elementor-column elementor-col-100 elementor-inner-column elementor-element elementor-element-8b5a380\" data-id=\"8b5a380\" data-element_type=\"column\" data-e-type=\"column\">\n\t\t\t<div class=\"elementor-widget-wrap elementor-element-populated\">\n\t\t\t\t\t\t<div class=\"elementor-element elementor-element-009d4bf elementor-widget elementor-widget-text-editor\" data-id=\"009d4bf\" data-element_type=\"widget\" data-e-type=\"widget\" data-widget_type=\"text-editor.default\">\n\t\t\t\t<div class=\"elementor-widget-container\">\n\t\t\t\t\t\t\t\t\t<p>En virtud de la normativa vigente en Protecci\u00f3n de datos, en concreto, del Reglamento (UE) 2016\/679, los datos que nos est\u00e1 facilitando y nos facilitar\u00e1 a lo largo de nuestra relaci\u00f3n, pasar\u00e1n a formar parte de los sistemas de informaci\u00f3n de <strong>FUNDACI\u00d3 LA NINETA DELS ULLS<\/strong>, y ser\u00e1n tratados, \u00fanicamente, para la finalidad de gestionar su relaci\u00f3n con la Fundaci\u00f3n, cobrar las cuotas, as\u00ed como mantenerle informado de las actividades propias de nuestra Fundaci\u00f3n cuyo objeto es la recaudaci\u00f3n de fondos para la investigaci\u00f3n m\u00e9dica de la enfermedad retinoblastoma, concienciaci\u00f3n, as\u00ed como su divulgaci\u00f3n y apoyo a los afectados y\/o sus familias. Los datos proporcionados se conservar\u00e1n durante la actividad de la Fundaci\u00f3n, quedando bloqueados una vez deje de ser socio. Estos datos no se comunicar\u00e1n ni ceder\u00e1n, excepto si existe una obligaci\u00f3n legal y a los encargados de tratamiento que prestan servicios a la Fundaci\u00f3n, y con los que se firman los oportunos contratos. A todo ello consiente expresamente con la firma del presente documento de alta de amigo\/a, por ser informaci\u00f3n imprescindible para esta finalidad.<\/p><p>En las ocasiones que nos acompa\u00f1e en nuestras actividades o sesiones formativas podremos realizar fotograf\u00edas en las que aparezca su imagen, individual o en grupo, que ser\u00e1n compartidas en nuestra web y redes sociales, siempre que nos autorice a ello.<\/p><p>Si nos autoriza, le enviaremos por medios electr\u00f3nicos informaci\u00f3n de las actividades que organizamos o de las que hacemos difusi\u00f3n para la recogida de fondos a favor de la investigaci\u00f3n de retinoblastoma, as\u00ed como para mantenerle informado de noticias y avances m\u00e9dicos.<\/p><p>En cualquier momento, tendr\u00e1 Derecho a obtener confirmaci\u00f3n sobre si en estamos tratando sus datos personales por tanto tiene derecho a acceder a sus datos personales, rectificar los datos inexactos o solicitar su supresi\u00f3n cuando los datos ya no sean necesarios, todo ello mediante escrito dirigido a nuestra direcci\u00f3n de acceso en Calle Joaquim Icart Leonila 10, 43.007 de Tarragona o bien mediante correo a <a href=\"mailto:info@miradasmagicas.org\">info@fundaciolaninetadelsulls.org<\/a>. Podr\u00e1 dirigirse a la Autoridad de control competente (<a href=\"http:\/\/www.aepd.es\">www.aepd.es<\/a>) para cualquier reclamaci\u00f3n que considere oportuna.<\/p>\t\t\t\t\t\t\t\t<\/div>\n\t\t\t\t<\/div>\n\t\t\t\t\t<\/div>\n\t\t<\/div>\n\t\t\t\t\t<\/div>\n\t\t<\/section>\n\t\t\t\t\t<\/div>\n\t\t<\/div>\n\t\t\t\t\t<\/div>\n\t\t<\/section>\n\t\t\t\t<\/div>\n\t\t","protected":false},"excerpt":{"rendered":"<p>Pol\u00edtica de Protecci\u00f3n de Datos para Amigos En virtud de la normativa vigente en Protecci\u00f3n de datos, en concreto, del Reglamento (UE) 2016\/679, los datos que nos est\u00e1 facilitando y nos facilitar\u00e1 a lo largo de nuestra relaci\u00f3n, pasar\u00e1n a formar parte de los sistemas de informaci\u00f3n de FUNDACI\u00d3 LA NINETA DELS ULLS, y ser\u00e1n [&hellip;]<\/p>\n","protected":false},"author":1,"featured_media":0,"parent":0,"menu_order":0,"comment_status":"closed","ping_status":"closed","template":"","meta":{"site-sidebar-layout":"no-sidebar","site-content-layout":"page-builder","ast-site-content-layout":"default","site-content-style":"default","site-sidebar-style":"default","ast-global-header-display":"","ast-banner-title-visibility":"","ast-main-header-display":"","ast-hfb-above-header-display":"","ast-hfb-below-header-display":"","ast-hfb-mobile-header-display":"","site-post-title":"disabled","ast-breadcrumbs-content":"","ast-featured-img":"disabled","footer-sml-layout":"","theme-transparent-header-meta":"default","adv-header-id-meta":"","stick-header-meta":"","header-above-stick-meta":"","header-main-stick-meta":"","header-below-stick-meta":"","astra-migrate-meta-layouts":"default","ast-page-background-enabled":"default","ast-page-background-meta":{"desktop":{"background-color":"","background-image":"","background-repeat":"repeat","background-position":"center center","background-size":"auto","background-attachment":"scroll","background-type":"","background-media":"","overlay-type":"","overlay-color":"","overlay-opacity":"","overlay-gradient":""},"tablet":{"background-color":"","background-image":"","background-repeat":"repeat","background-position":"center center","background-size":"auto","background-attachment":"scroll","background-type":"","background-media":"","overlay-type":"","overlay-color":"","overlay-opacity":"","overlay-gradient":""},"mobile":{"background-color":"","background-image":"","background-repeat":"repeat","background-position":"center center","background-size":"auto","background-attachment":"scroll","background-type":"","background-media":"","overlay-type":"","overlay-color":"","overlay-opacity":"","overlay-gradient":""}},"ast-content-background-meta":{"desktop":{"background-color":"var(--ast-global-color-5)","background-image":"","background-repeat":"repeat","background-position":"center center","background-size":"auto","background-attachment":"scroll","background-type":"","background-media":"","overlay-type":"","overlay-color":"","overlay-opacity":"","overlay-gradient":""},"tablet":{"background-color":"var(--ast-global-color-5)","background-image":"","background-repeat":"repeat","background-position":"center center","background-size":"auto","background-attachment":"scroll","background-type":"","background-media":"","overlay-type":"","overlay-color":"","overlay-opacity":"","overlay-gradient":""},"mobile":{"background-color":"var(--ast-global-color-5)","background-image":"","background-repeat":"repeat","background-position":"center center","background-size":"auto","background-attachment":"scroll","background-type":"","background-media":"","overlay-type":"","overlay-color":"","overlay-opacity":"","overlay-gradient":""}},"footnotes":""},"class_list":["post-2258","page","type-page","status-publish","hentry"],"yoast_head":"<!-- This site is optimized with the Yoast SEO plugin v25.4 - https:\/\/yoast.com\/wordpress\/plugins\/seo\/ -->\n<title>Pol\u00edtica de Protecci\u00f3n de Datos para Amigos | Fundaci\u00f3 La Nineta dels Ulls<\/title>\n<meta name=\"robots\" content=\"index, follow, max-snippet:-1, max-image-preview:large, max-video-preview:-1\" \/>\n<link rel=\"canonical\" href=\"https:\/\/fundaciolaninetadelsulls.org\/es\/politica-de-proteccion-de-datos-para-amigos\/\" \/>\n<meta property=\"og:locale\" content=\"es_ES\" \/>\n<meta property=\"og:type\" content=\"article\" \/>\n<meta property=\"og:title\" content=\"Pol\u00edtica de Protecci\u00f3n de Datos para Amigos | Fundaci\u00f3 La Nineta dels Ulls\" \/>\n<meta property=\"og:description\" content=\"Pol\u00edtica de Protecci\u00f3n de Datos para Amigos En virtud de la normativa vigente en Protecci\u00f3n de datos, en concreto, del Reglamento (UE) 2016\/679, los datos que nos est\u00e1 facilitando y nos facilitar\u00e1 a lo largo de nuestra relaci\u00f3n, pasar\u00e1n a formar parte de los sistemas de informaci\u00f3n de FUNDACI\u00d3 LA NINETA DELS ULLS, y ser\u00e1n [&hellip;]\" \/>\n<meta property=\"og:url\" content=\"https:\/\/fundaciolaninetadelsulls.org\/es\/politica-de-proteccion-de-datos-para-amigos\/\" \/>\n<meta property=\"og:site_name\" content=\"Fundaci\u00f3 La Nineta dels Ulls\" \/>\n<meta property=\"article:modified_time\" content=\"2021-03-31T17:01:34+00:00\" \/>\n<meta name=\"twitter:card\" content=\"summary_large_image\" \/>\n<meta name=\"twitter:label1\" content=\"Tiempo de lectura\" \/>\n\t<meta name=\"twitter:data1\" content=\"2 minutos\" \/>\n<!-- \/ Yoast SEO plugin. -->","yoast_head_json":{"title":"Pol\u00edtica de Protecci\u00f3n de Datos para Amigos | Fundaci\u00f3 La Nineta dels Ulls","robots":{"index":"index","follow":"follow","max-snippet":"max-snippet:-1","max-image-preview":"max-image-preview:large","max-video-preview":"max-video-preview:-1"},"canonical":"https:\/\/fundaciolaninetadelsulls.org\/es\/politica-de-proteccion-de-datos-para-amigos\/","og_locale":"es_ES","og_type":"article","og_title":"Pol\u00edtica de Protecci\u00f3n de Datos para Amigos | Fundaci\u00f3 La Nineta dels Ulls","og_description":"Pol\u00edtica de Protecci\u00f3n de Datos para Amigos En virtud de la normativa vigente en Protecci\u00f3n de datos, en concreto, del Reglamento (UE) 2016\/679, los datos que nos est\u00e1 facilitando y nos facilitar\u00e1 a lo largo de nuestra relaci\u00f3n, pasar\u00e1n a formar parte de los sistemas de informaci\u00f3n de FUNDACI\u00d3 LA NINETA DELS ULLS, y ser\u00e1n [&hellip;]","og_url":"https:\/\/fundaciolaninetadelsulls.org\/es\/politica-de-proteccion-de-datos-para-amigos\/","og_site_name":"Fundaci\u00f3 La Nineta dels Ulls","article_modified_time":"2021-03-31T17:01:34+00:00","twitter_card":"summary_large_image","twitter_misc":{"Tiempo de lectura":"2 minutos"},"schema":{"@context":"https:\/\/schema.org","@graph":[{"@type":"WebPage","@id":"https:\/\/fundaciolaninetadelsulls.org\/es\/politica-de-proteccion-de-datos-para-amigos\/","url":"https:\/\/fundaciolaninetadelsulls.org\/es\/politica-de-proteccion-de-datos-para-amigos\/","name":"Pol\u00edtica de Protecci\u00f3n de Datos para Amigos | Fundaci\u00f3 La Nineta dels Ulls","isPartOf":{"@id":"https:\/\/fundaciolaninetadelsulls.org\/es\/#website"},"datePublished":"2021-03-31T16:57:49+00:00","dateModified":"2021-03-31T17:01:34+00:00","breadcrumb":{"@id":"https:\/\/fundaciolaninetadelsulls.org\/es\/politica-de-proteccion-de-datos-para-amigos\/#breadcrumb"},"inLanguage":"es","potentialAction":[{"@type":"ReadAction","target":["https:\/\/fundaciolaninetadelsulls.org\/es\/politica-de-proteccion-de-datos-para-amigos\/"]}]},{"@type":"BreadcrumbList","@id":"https:\/\/fundaciolaninetadelsulls.org\/es\/politica-de-proteccion-de-datos-para-amigos\/#breadcrumb","itemListElement":[{"@type":"ListItem","position":1,"name":"Inicio","item":"https:\/\/fundaciolaninetadelsulls.org\/es\/"},{"@type":"ListItem","position":2,"name":"Pol\u00edtica de Protecci\u00f3n de Datos para Amigos"}]},{"@type":"WebSite","@id":"https:\/\/fundaciolaninetadelsulls.org\/es\/#website","url":"https:\/\/fundaciolaninetadelsulls.org\/es\/","name":"Fundaci\u00f3 La Nineta dels Ulls","description":"Objetivo Retinoblastoma","publisher":{"@id":"https:\/\/fundaciolaninetadelsulls.org\/es\/#organization"},"potentialAction":[{"@type":"SearchAction","target":{"@type":"EntryPoint","urlTemplate":"https:\/\/fundaciolaninetadelsulls.org\/es\/?s={search_term_string}"},"query-input":{"@type":"PropertyValueSpecification","valueRequired":true,"valueName":"search_term_string"}}],"inLanguage":"es"},{"@type":"Organization","@id":"https:\/\/fundaciolaninetadelsulls.org\/es\/#organization","name":"Fundaci\u00f3 La Nineta dels Ulls","url":"https:\/\/fundaciolaninetadelsulls.org\/es\/","logo":{"@type":"ImageObject","inLanguage":"es","@id":"https:\/\/fundaciolaninetadelsulls.org\/es\/#\/schema\/logo\/image\/","url":"https:\/\/fundaciolaninetadelsulls.org\/wp-content\/uploads\/2020\/12\/logo-fundacion-la-nineta-dels-ullst.png","contentUrl":"https:\/\/fundaciolaninetadelsulls.org\/wp-content\/uploads\/2020\/12\/logo-fundacion-la-nineta-dels-ullst.png","width":1467,"height":446,"caption":"Fundaci\u00f3 La Nineta dels Ulls"},"image":{"@id":"https:\/\/fundaciolaninetadelsulls.org\/es\/#\/schema\/logo\/image\/"}}]}},"_links":{"self":[{"href":"https:\/\/fundaciolaninetadelsulls.org\/es\/wp-json\/wp\/v2\/pages\/2258","targetHints":{"allow":["GET"]}}],"collection":[{"href":"https:\/\/fundaciolaninetadelsulls.org\/es\/wp-json\/wp\/v2\/pages"}],"about":[{"href":"https:\/\/fundaciolaninetadelsulls.org\/es\/wp-json\/wp\/v2\/types\/page"}],"author":[{"embeddable":true,"href":"https:\/\/fundaciolaninetadelsulls.org\/es\/wp-json\/wp\/v2\/users\/1"}],"replies":[{"embeddable":true,"href":"https:\/\/fundaciolaninetadelsulls.org\/es\/wp-json\/wp\/v2\/comments?post=2258"}],"version-history":[{"count":0,"href":"https:\/\/fundaciolaninetadelsulls.org\/es\/wp-json\/wp\/v2\/pages\/2258\/revisions"}],"wp:attachment":[{"href":"https:\/\/fundaciolaninetadelsulls.org\/es\/wp-json\/wp\/v2\/media?parent=2258"}],"curies":[{"name":"wp","href":"https:\/\/api.w.org\/{rel}","templated":true}]}}