{"id":1307,"date":"2021-02-26T21:23:10","date_gmt":"2021-02-26T21:23:10","guid":{"rendered":"https:\/\/fundaciolaninetadelsulls.org\/?page_id=1307"},"modified":"2021-02-27T02:11:29","modified_gmt":"2021-02-27T02:11:29","slug":"politicas-de-privacidad","status":"publish","type":"page","link":"https:\/\/fundaciolaninetadelsulls.org\/es\/politicas-de-privacidad\/","title":{"rendered":"Pol\u00edticas de privacidad"},"content":{"rendered":"\t\t<div data-elementor-type=\"wp-page\" data-elementor-id=\"1307\" class=\"elementor elementor-1307 elementor-618\" data-elementor-post-type=\"page\">\n\t\t\t\t\t\t<section class=\"elementor-section elementor-top-section elementor-element elementor-element-3a64ed0 elementor-section-full_width elementor-section-height-default elementor-section-height-default\" data-id=\"3a64ed0\" data-element_type=\"section\" data-e-type=\"section\" data-settings=\"{&quot;background_background&quot;:&quot;classic&quot;}\">\n\t\t\t\t\t\t\t<div class=\"elementor-background-overlay\"><\/div>\n\t\t\t\t\t\t\t<div class=\"elementor-container elementor-column-gap-default\">\n\t\t\t\t\t<div class=\"elementor-column elementor-col-100 elementor-top-column elementor-element elementor-element-af842a1\" data-id=\"af842a1\" data-element_type=\"column\" data-e-type=\"column\">\n\t\t\t<div class=\"elementor-widget-wrap elementor-element-populated\">\n\t\t\t\t\t\t<div class=\"elementor-element elementor-element-1c46811 elementor-widget elementor-widget-heading\" data-id=\"1c46811\" data-element_type=\"widget\" data-e-type=\"widget\" data-widget_type=\"heading.default\">\n\t\t\t\t<div class=\"elementor-widget-container\">\n\t\t\t\t\t<h2 class=\"elementor-heading-title elementor-size-default\">Pol\u00edticas de privacidad<\/h2>\t\t\t\t<\/div>\n\t\t\t\t<\/div>\n\t\t\t\t\t<\/div>\n\t\t<\/div>\n\t\t\t\t\t<\/div>\n\t\t<\/section>\n\t\t\t\t<section class=\"elementor-section elementor-top-section elementor-element elementor-element-01123e6 elementor-section-boxed elementor-section-height-default elementor-section-height-default\" data-id=\"01123e6\" data-element_type=\"section\" data-e-type=\"section\">\n\t\t\t\t\t\t<div class=\"elementor-container elementor-column-gap-default\">\n\t\t\t\t\t<div class=\"elementor-column elementor-col-100 elementor-top-column elementor-element elementor-element-10348a7\" data-id=\"10348a7\" data-element_type=\"column\" data-e-type=\"column\">\n\t\t\t<div class=\"elementor-widget-wrap elementor-element-populated\">\n\t\t\t\t\t\t<section class=\"elementor-section elementor-inner-section elementor-element elementor-element-e52ccbe elementor-section-boxed elementor-section-height-default elementor-section-height-default\" data-id=\"e52ccbe\" data-element_type=\"section\" data-e-type=\"section\">\n\t\t\t\t\t\t<div class=\"elementor-container elementor-column-gap-default\">\n\t\t\t\t\t<div class=\"elementor-column elementor-col-100 elementor-inner-column elementor-element elementor-element-5d36295\" data-id=\"5d36295\" data-element_type=\"column\" data-e-type=\"column\">\n\t\t\t<div class=\"elementor-widget-wrap elementor-element-populated\">\n\t\t\t\t\t\t<div class=\"elementor-element elementor-element-b99e760 elementor-widget elementor-widget-text-editor\" data-id=\"b99e760\" data-element_type=\"widget\" data-e-type=\"widget\" data-widget_type=\"text-editor.default\">\n\t\t\t\t<div class=\"elementor-widget-container\">\n\t\t\t\t\t\t\t\t\t<p>De conformidad con el Reglamento (UE) 2016\/679 del Parlamento Europeo y del Consejo de 27 de abril de 2016, relativo a la protecci\u00f3n de las personas f\u00edsicas en lo que respecta al tratamiento de datos personales ya la libre circulaci\u00f3n de estos datos (adelante, el RGPD), nos informamos que los datos facilitados de forma gratuita y voluntaria para los usuarios en la web www.fundaciolaninetadelsulls.org ser\u00e1n procesados \u200b\u200bpor:<\/p><p><strong>RESPONSABLE DEL TRATAMIENTO DE SUS DATOS:<\/strong><\/p><p>\u2022 <strong>Denominaci\u00f3n Social:<\/strong> Fundaci\u00f3n Nineta los Ojos<br \/>\u2022 <strong>Domicilio:<\/strong> C \/ Joaquim Icart y Leonila, 10, 3\u00ba, 1\u00aa, 43007, Tarragona<br \/>\u2022 <strong>Tel\u00e9fono:<\/strong> 693063707<br \/>\u2022 <strong>NIF \/ CIF:<\/strong> G02751907<br \/>\u2022 <strong>Correo electr\u00f3nico:<\/strong> info@fundaciolaninetadelsulls.org<\/p><p><strong>FINALIDAD DEL TRATAMIENTO:<\/strong><\/p><p>Sus datos personales ser\u00e1n utilizados con el objetivo general de la gesti\u00f3n y control de la relaci\u00f3n establecida y espec\u00edficamente para:<\/p><p>\u2022 Gestionar el acceso completo a la p\u00e1gina web y el uso correcto de los servicios por parte de los usuarios de los mismos.<br \/>\u2022 Para comunicarnos con los usuarios en respuesta a incidencias, solicitudes, comentarios y preguntas que nos realizamos a trav\u00e9s de los servicios o los formularios de contacto de nuestra p\u00e1gina web (incluidos, los chats o las llamadas telef\u00f3nicas).<br \/>\u2022 Para ofrecer nuevos productos, servicios, ofertas especiales o actualizaciones.<br \/>\u2022 Comunicaciones: Podremos enviar correos electr\u00f3nicos, mensajes y otros tipos de<br \/>comunicaci\u00f3n en referencia a los servicios, cuestiones t\u00e9cnicas y cambios en los mismos.<br \/>Estas comunicaciones se consideran parte de los servicios y no se puede renunciar a las mismas.<br \/>\u2022 Comunicaciones Comerciales (Marketing): Podremos utilizar sus datos para contactarlo, tanto por v\u00eda electr\u00f3nica como sin electr\u00f3nica, para realizar encuestas, obtener su opini\u00f3n sobre el servicio prestado, y, ocasionalmente, para notificarle cambios, importantes desarrollos los servicios, ofertas y \/ o promociones. Estas ofertas comerciales ser\u00e1n, en todo caso, autorizadas de forma expresa y separada por el usuario que puede revocar en cualquier momento su consentimiento para recibir estas notificaciones utilizando el mecanismo que se implemente a su efecto, o remitiendo un escrito con el asunto &#8220;Baja&#8221; en<br \/>info@fundaciolaninetadelsulls.org<br \/>No trataremos sus datos personales para ning\u00fan otro fin m\u00e1s all\u00e1 de las descritas anteriormente, excepto que venga por ley o exista alg\u00fan requerimiento judicial.<\/p><p><strong>CONSERVACI\u00d3N DE LOS DATOS:<\/strong><\/p><p>Los datos de car\u00e1cter personal se conservar\u00e1n durante el plazo legal correspondiente.<br \/>En este sentido:<br \/>Los datos empleadas para gestionar la relaci\u00f3n con el cliente y la facturaci\u00f3n y la cobro de los productos y servicios se conservar\u00e1n durante todo el tiempo en que el contrato est\u00e9 vigente.<br \/>Una vez finalizada esta relaci\u00f3n, en su caso, los datos se podr\u00e1n conservar durante el tiempo exigido por la legislaci\u00f3n aplicable y hasta que prescriben las posibles responsabilidades derivadas del contratado de servicio.<br \/>Los datos necesarios para enviar los boletines informativos y las comunicaciones comerciales de nuestros productos o servicios se conservar\u00e1n indefinidamente hasta que el usuario manifieste, en su caso, su voluntad de eliminarlos.<\/p><p><strong>DESTINATARIOS DE CESION O TRANSFERENCIAS.<\/strong><br \/>Con car\u00e1cter general, la Fundaci\u00f3n La Nineta los Ojos. no ceder\u00e1 sus datos personales a terceros salvo que estemos obligados legalmente a ello o usted nos ha autorizado expresamente a hacer uso de nuestros servicios.<\/p><p><strong>EJERCICIO DE DERECHOS<\/strong><br \/>En cualquier momento, el usuario podr\u00e1 ejercer los derechos de acceso a sus datos de car\u00e1cter personal, de rectificaci\u00f3n de los datos inexactos, de supresi\u00f3n de los datos que ya no son necesarios o, cuando se da alguno de los otros asuntos de la RGPD, el derecho a oponerse<br \/>a su tratamiento por motivos relacionados con su situaci\u00f3n particular, as\u00ed como la limitaci\u00f3n y portabilidad de acuerdo con las condiciones previstas en el RGPD, mediante una comunicaci\u00f3n escrita que indique el motivo de su solicitud, junto con una copia de su DNI, dirigida a:<br \/>Fundaci\u00f3n La Nineta los Ojos, Servicio de atenci\u00f3n al cliente, C \/ Joaqu\u00edn Icart y Leonila, 10, 3\u00ba, 1\u00aa, 43007, Tarragona, indicando en el caso del correo &#8220;Solicitud derechos RGPD&#8221;.<\/p><p>Adem\u00e1s, en todo momento, el usuario tambi\u00e9n tiene derecho a presentar una reclamaci\u00f3n ante la Agencia Espa\u00f1ola de Protecci\u00f3n de Datos o la autoridad de control.<\/p>\t\t\t\t\t\t\t\t<\/div>\n\t\t\t\t<\/div>\n\t\t\t\t\t<\/div>\n\t\t<\/div>\n\t\t\t\t\t<\/div>\n\t\t<\/section>\n\t\t\t\t\t<\/div>\n\t\t<\/div>\n\t\t\t\t\t<\/div>\n\t\t<\/section>\n\t\t\t\t<\/div>\n\t\t","protected":false},"excerpt":{"rendered":"<p>Pol\u00edticas de privacidad De conformidad con el Reglamento (UE) 2016\/679 del Parlamento Europeo y del Consejo de 27 de abril de 2016, relativo a la protecci\u00f3n de las personas f\u00edsicas en lo que respecta al tratamiento de datos personales ya la libre circulaci\u00f3n de estos datos (adelante, el RGPD), nos informamos que los datos facilitados [&hellip;]<\/p>\n","protected":false},"author":1,"featured_media":0,"parent":0,"menu_order":0,"comment_status":"closed","ping_status":"closed","template":"","meta":{"site-sidebar-layout":"no-sidebar","site-content-layout":"page-builder","ast-site-content-layout":"default","site-content-style":"default","site-sidebar-style":"default","ast-global-header-display":"","ast-banner-title-visibility":"","ast-main-header-display":"","ast-hfb-above-header-display":"","ast-hfb-below-header-display":"","ast-hfb-mobile-header-display":"","site-post-title":"disabled","ast-breadcrumbs-content":"","ast-featured-img":"disabled","footer-sml-layout":"","theme-transparent-header-meta":"default","adv-header-id-meta":"","stick-header-meta":"","header-above-stick-meta":"","header-main-stick-meta":"","header-below-stick-meta":"","astra-migrate-meta-layouts":"default","ast-page-background-enabled":"default","ast-page-background-meta":{"desktop":{"background-color":"","background-image":"","background-repeat":"repeat","background-position":"center center","background-size":"auto","background-attachment":"scroll","background-type":"","background-media":"","overlay-type":"","overlay-color":"","overlay-opacity":"","overlay-gradient":""},"tablet":{"background-color":"","background-image":"","background-repeat":"repeat","background-position":"center center","background-size":"auto","background-attachment":"scroll","background-type":"","background-media":"","overlay-type":"","overlay-color":"","overlay-opacity":"","overlay-gradient":""},"mobile":{"background-color":"","background-image":"","background-repeat":"repeat","background-position":"center center","background-size":"auto","background-attachment":"scroll","background-type":"","background-media":"","overlay-type":"","overlay-color":"","overlay-opacity":"","overlay-gradient":""}},"ast-content-background-meta":{"desktop":{"background-color":"var(--ast-global-color-5)","background-image":"","background-repeat":"repeat","background-position":"center center","background-size":"auto","background-attachment":"scroll","background-type":"","background-media":"","overlay-type":"","overlay-color":"","overlay-opacity":"","overlay-gradient":""},"tablet":{"background-color":"var(--ast-global-color-5)","background-image":"","background-repeat":"repeat","background-position":"center center","background-size":"auto","background-attachment":"scroll","background-type":"","background-media":"","overlay-type":"","overlay-color":"","overlay-opacity":"","overlay-gradient":""},"mobile":{"background-color":"var(--ast-global-color-5)","background-image":"","background-repeat":"repeat","background-position":"center center","background-size":"auto","background-attachment":"scroll","background-type":"","background-media":"","overlay-type":"","overlay-color":"","overlay-opacity":"","overlay-gradient":""}},"footnotes":""},"class_list":["post-1307","page","type-page","status-publish","hentry"],"yoast_head":"<!-- This site is optimized with the Yoast SEO plugin v25.4 - https:\/\/yoast.com\/wordpress\/plugins\/seo\/ -->\n<title>Pol\u00edticas de privacidad | Fundaci\u00f3 La Nineta dels Ulls<\/title>\n<meta name=\"robots\" content=\"index, follow, max-snippet:-1, max-image-preview:large, max-video-preview:-1\" \/>\n<link rel=\"canonical\" href=\"https:\/\/fundaciolaninetadelsulls.org\/es\/politicas-de-privacidad\/\" \/>\n<meta property=\"og:locale\" content=\"es_ES\" \/>\n<meta property=\"og:type\" content=\"article\" \/>\n<meta property=\"og:title\" content=\"Pol\u00edticas de privacidad | Fundaci\u00f3 La Nineta dels Ulls\" \/>\n<meta property=\"og:description\" content=\"Pol\u00edticas de privacidad De conformidad con el Reglamento (UE) 2016\/679 del Parlamento Europeo y del Consejo de 27 de abril de 2016, relativo a la protecci\u00f3n de las personas f\u00edsicas en lo que respecta al tratamiento de datos personales ya la libre circulaci\u00f3n de estos datos (adelante, el RGPD), nos informamos que los datos facilitados [&hellip;]\" \/>\n<meta property=\"og:url\" content=\"https:\/\/fundaciolaninetadelsulls.org\/es\/politicas-de-privacidad\/\" \/>\n<meta property=\"og:site_name\" content=\"Fundaci\u00f3 La Nineta dels Ulls\" \/>\n<meta property=\"article:modified_time\" content=\"2021-02-27T02:11:29+00:00\" \/>\n<meta name=\"twitter:card\" content=\"summary_large_image\" \/>\n<meta name=\"twitter:label1\" content=\"Tiempo de lectura\" \/>\n\t<meta name=\"twitter:data1\" content=\"3 minutos\" \/>\n<!-- \/ Yoast SEO plugin. -->","yoast_head_json":{"title":"Pol\u00edticas de privacidad | Fundaci\u00f3 La Nineta dels Ulls","robots":{"index":"index","follow":"follow","max-snippet":"max-snippet:-1","max-image-preview":"max-image-preview:large","max-video-preview":"max-video-preview:-1"},"canonical":"https:\/\/fundaciolaninetadelsulls.org\/es\/politicas-de-privacidad\/","og_locale":"es_ES","og_type":"article","og_title":"Pol\u00edticas de privacidad | Fundaci\u00f3 La Nineta dels Ulls","og_description":"Pol\u00edticas de privacidad De conformidad con el Reglamento (UE) 2016\/679 del Parlamento Europeo y del Consejo de 27 de abril de 2016, relativo a la protecci\u00f3n de las personas f\u00edsicas en lo que respecta al tratamiento de datos personales ya la libre circulaci\u00f3n de estos datos (adelante, el RGPD), nos informamos que los datos facilitados [&hellip;]","og_url":"https:\/\/fundaciolaninetadelsulls.org\/es\/politicas-de-privacidad\/","og_site_name":"Fundaci\u00f3 La Nineta dels Ulls","article_modified_time":"2021-02-27T02:11:29+00:00","twitter_card":"summary_large_image","twitter_misc":{"Tiempo de lectura":"3 minutos"},"schema":{"@context":"https:\/\/schema.org","@graph":[{"@type":"WebPage","@id":"https:\/\/fundaciolaninetadelsulls.org\/es\/politicas-de-privacidad\/","url":"https:\/\/fundaciolaninetadelsulls.org\/es\/politicas-de-privacidad\/","name":"Pol\u00edticas de privacidad | Fundaci\u00f3 La Nineta dels Ulls","isPartOf":{"@id":"https:\/\/fundaciolaninetadelsulls.org\/es\/#website"},"datePublished":"2021-02-26T21:23:10+00:00","dateModified":"2021-02-27T02:11:29+00:00","breadcrumb":{"@id":"https:\/\/fundaciolaninetadelsulls.org\/es\/politicas-de-privacidad\/#breadcrumb"},"inLanguage":"es","potentialAction":[{"@type":"ReadAction","target":["https:\/\/fundaciolaninetadelsulls.org\/es\/politicas-de-privacidad\/"]}]},{"@type":"BreadcrumbList","@id":"https:\/\/fundaciolaninetadelsulls.org\/es\/politicas-de-privacidad\/#breadcrumb","itemListElement":[{"@type":"ListItem","position":1,"name":"Inicio","item":"https:\/\/fundaciolaninetadelsulls.org\/es\/"},{"@type":"ListItem","position":2,"name":"Pol\u00edticas de privacidad"}]},{"@type":"WebSite","@id":"https:\/\/fundaciolaninetadelsulls.org\/es\/#website","url":"https:\/\/fundaciolaninetadelsulls.org\/es\/","name":"Fundaci\u00f3 La Nineta dels Ulls","description":"Objetivo Retinoblastoma","publisher":{"@id":"https:\/\/fundaciolaninetadelsulls.org\/es\/#organization"},"potentialAction":[{"@type":"SearchAction","target":{"@type":"EntryPoint","urlTemplate":"https:\/\/fundaciolaninetadelsulls.org\/es\/?s={search_term_string}"},"query-input":{"@type":"PropertyValueSpecification","valueRequired":true,"valueName":"search_term_string"}}],"inLanguage":"es"},{"@type":"Organization","@id":"https:\/\/fundaciolaninetadelsulls.org\/es\/#organization","name":"Fundaci\u00f3 La Nineta dels Ulls","url":"https:\/\/fundaciolaninetadelsulls.org\/es\/","logo":{"@type":"ImageObject","inLanguage":"es","@id":"https:\/\/fundaciolaninetadelsulls.org\/es\/#\/schema\/logo\/image\/","url":"https:\/\/fundaciolaninetadelsulls.org\/wp-content\/uploads\/2020\/12\/logo-fundacion-la-nineta-dels-ullst.png","contentUrl":"https:\/\/fundaciolaninetadelsulls.org\/wp-content\/uploads\/2020\/12\/logo-fundacion-la-nineta-dels-ullst.png","width":1467,"height":446,"caption":"Fundaci\u00f3 La Nineta dels Ulls"},"image":{"@id":"https:\/\/fundaciolaninetadelsulls.org\/es\/#\/schema\/logo\/image\/"}}]}},"_links":{"self":[{"href":"https:\/\/fundaciolaninetadelsulls.org\/es\/wp-json\/wp\/v2\/pages\/1307","targetHints":{"allow":["GET"]}}],"collection":[{"href":"https:\/\/fundaciolaninetadelsulls.org\/es\/wp-json\/wp\/v2\/pages"}],"about":[{"href":"https:\/\/fundaciolaninetadelsulls.org\/es\/wp-json\/wp\/v2\/types\/page"}],"author":[{"embeddable":true,"href":"https:\/\/fundaciolaninetadelsulls.org\/es\/wp-json\/wp\/v2\/users\/1"}],"replies":[{"embeddable":true,"href":"https:\/\/fundaciolaninetadelsulls.org\/es\/wp-json\/wp\/v2\/comments?post=1307"}],"version-history":[{"count":0,"href":"https:\/\/fundaciolaninetadelsulls.org\/es\/wp-json\/wp\/v2\/pages\/1307\/revisions"}],"wp:attachment":[{"href":"https:\/\/fundaciolaninetadelsulls.org\/es\/wp-json\/wp\/v2\/media?parent=1307"}],"curies":[{"name":"wp","href":"https:\/\/api.w.org\/{rel}","templated":true}]}}