{"id":1221,"date":"2021-02-26T04:33:10","date_gmt":"2021-02-26T04:33:10","guid":{"rendered":"https:\/\/fundaciolaninetadelsulls.org\/?page_id=1221"},"modified":"2025-09-09T11:34:13","modified_gmt":"2025-09-09T11:34:13","slug":"evento-solidario","status":"publish","type":"page","link":"https:\/\/fundaciolaninetadelsulls.org\/es\/colabora\/evento-solidario\/","title":{"rendered":"Celebraciones solidarias"},"content":{"rendered":"\t\t<div data-elementor-type=\"wp-page\" data-elementor-id=\"1221\" class=\"elementor elementor-1221 elementor-255\" data-elementor-post-type=\"page\">\n\t\t\t\t\t\t<section class=\"elementor-section elementor-top-section elementor-element elementor-element-c81722f elementor-section-full_width elementor-section-height-default elementor-section-height-default\" data-id=\"c81722f\" data-element_type=\"section\" data-e-type=\"section\" data-settings=\"{&quot;background_background&quot;:&quot;classic&quot;}\">\n\t\t\t\t\t\t\t<div class=\"elementor-background-overlay\"><\/div>\n\t\t\t\t\t\t\t<div class=\"elementor-container elementor-column-gap-default\">\n\t\t\t\t\t<div class=\"elementor-column elementor-col-100 elementor-top-column elementor-element elementor-element-d7adae8\" data-id=\"d7adae8\" data-element_type=\"column\" data-e-type=\"column\">\n\t\t\t<div class=\"elementor-widget-wrap elementor-element-populated\">\n\t\t\t\t\t\t<div class=\"elementor-element elementor-element-4b43eca elementor-widget elementor-widget-heading\" data-id=\"4b43eca\" data-element_type=\"widget\" data-e-type=\"widget\" data-widget_type=\"heading.default\">\n\t\t\t\t<div class=\"elementor-widget-container\">\n\t\t\t\t\t<h1 class=\"elementor-heading-title elementor-size-default\">Celebraciones solidarias<\/h1>\t\t\t\t<\/div>\n\t\t\t\t<\/div>\n\t\t\t\t\t<\/div>\n\t\t<\/div>\n\t\t\t\t\t<\/div>\n\t\t<\/section>\n\t\t\t\t<section class=\"elementor-section elementor-top-section elementor-element elementor-element-7d8959e elementor-section-boxed elementor-section-height-default elementor-section-height-default\" data-id=\"7d8959e\" data-element_type=\"section\" data-e-type=\"section\">\n\t\t\t\t\t\t<div class=\"elementor-container elementor-column-gap-default\">\n\t\t\t\t\t<div class=\"elementor-column elementor-col-100 elementor-top-column elementor-element elementor-element-ffad56d\" data-id=\"ffad56d\" data-element_type=\"column\" data-e-type=\"column\">\n\t\t\t<div class=\"elementor-widget-wrap elementor-element-populated\">\n\t\t\t\t\t\t<div class=\"elementor-element elementor-element-048dce6 elementor-widget elementor-widget-spacer\" data-id=\"048dce6\" data-element_type=\"widget\" data-e-type=\"widget\" data-widget_type=\"spacer.default\">\n\t\t\t\t<div class=\"elementor-widget-container\">\n\t\t\t\t\t\t\t<div class=\"elementor-spacer\">\n\t\t\t<div class=\"elementor-spacer-inner\"><\/div>\n\t\t<\/div>\n\t\t\t\t\t\t<\/div>\n\t\t\t\t<\/div>\n\t\t\t\t\t<\/div>\n\t\t<\/div>\n\t\t\t\t\t<\/div>\n\t\t<\/section>\n\t\t\t\t<section class=\"elementor-section elementor-top-section elementor-element elementor-element-f75ce6d elementor-section-boxed elementor-section-height-default elementor-section-height-default\" data-id=\"f75ce6d\" data-element_type=\"section\" data-e-type=\"section\">\n\t\t\t\t\t\t<div class=\"elementor-container elementor-column-gap-default\">\n\t\t\t\t\t<div class=\"elementor-column elementor-col-100 elementor-top-column elementor-element elementor-element-3d28d77\" data-id=\"3d28d77\" data-element_type=\"column\" data-e-type=\"column\">\n\t\t\t<div class=\"elementor-widget-wrap elementor-element-populated\">\n\t\t\t\t\t\t<div class=\"elementor-element elementor-element-d5a71e9 elementor-widget elementor-widget-heading\" data-id=\"d5a71e9\" data-element_type=\"widget\" data-e-type=\"widget\" data-widget_type=\"heading.default\">\n\t\t\t\t<div class=\"elementor-widget-container\">\n\t\t\t\t\t<p class=\"elementor-heading-title elementor-size-default\">Ya sean bodas, comuniones o otro tipo de celebraciones<\/p>\t\t\t\t<\/div>\n\t\t\t\t<\/div>\n\t\t\t\t\t<\/div>\n\t\t<\/div>\n\t\t\t\t\t<\/div>\n\t\t<\/section>\n\t\t\t\t<section class=\"elementor-section elementor-top-section elementor-element elementor-element-4f85d25 elementor-section-boxed elementor-section-height-default elementor-section-height-default\" data-id=\"4f85d25\" data-element_type=\"section\" data-e-type=\"section\">\n\t\t\t\t\t\t<div class=\"elementor-container elementor-column-gap-default\">\n\t\t\t\t\t<div class=\"elementor-column elementor-col-100 elementor-top-column elementor-element elementor-element-ce62a40\" data-id=\"ce62a40\" data-element_type=\"column\" data-e-type=\"column\">\n\t\t\t<div class=\"elementor-widget-wrap\">\n\t\t\t\t\t\t\t<\/div>\n\t\t<\/div>\n\t\t\t\t\t<\/div>\n\t\t<\/section>\n\t\t\t\t<section class=\"elementor-section elementor-top-section elementor-element elementor-element-72bb9bb elementor-section-boxed elementor-section-height-default elementor-section-height-default\" data-id=\"72bb9bb\" data-element_type=\"section\" data-e-type=\"section\">\n\t\t\t\t\t\t<div class=\"elementor-container elementor-column-gap-default\">\n\t\t\t\t\t<div class=\"elementor-column elementor-col-100 elementor-top-column elementor-element elementor-element-7ed547c\" data-id=\"7ed547c\" data-element_type=\"column\" data-e-type=\"column\">\n\t\t\t<div class=\"elementor-widget-wrap elementor-element-populated\">\n\t\t\t\t\t\t<div class=\"elementor-element elementor-element-ad98196 elementor-headline--style-highlight elementor-widget elementor-widget-animated-headline\" data-id=\"ad98196\" data-element_type=\"widget\" data-e-type=\"widget\" data-settings=\"{&quot;marker&quot;:&quot;underline_zigzag&quot;,&quot;highlighted_text&quot;:&quot;solidaria&quot;,&quot;headline_style&quot;:&quot;highlight&quot;,&quot;loop&quot;:&quot;yes&quot;,&quot;highlight_animation_duration&quot;:1200,&quot;highlight_iteration_delay&quot;:8000}\" data-widget_type=\"animated-headline.default\">\n\t\t\t\t<div class=\"elementor-widget-container\">\n\t\t\t\t\t\t\t<p class=\"elementor-headline\">\n\t\t\t\t\t<span class=\"elementor-headline-plain-text elementor-headline-text-wrapper\">Pod\u00e9is darles una vertiente<\/span>\n\t\t\t\t<span class=\"elementor-headline-dynamic-wrapper elementor-headline-text-wrapper\">\n\t\t\t\t\t<span class=\"elementor-headline-dynamic-text elementor-headline-text-active\">solidaria<\/span>\n\t\t\t\t<\/span>\n\t\t\t\t\t<span class=\"elementor-headline-plain-text elementor-headline-text-wrapper\">con productos de la Fundaci\u00f3n<\/span>\n\t\t\t\t\t<\/p>\n\t\t\t\t\t\t<\/div>\n\t\t\t\t<\/div>\n\t\t\t\t\t<\/div>\n\t\t<\/div>\n\t\t\t\t\t<\/div>\n\t\t<\/section>\n\t\t\t\t<section class=\"elementor-section elementor-top-section elementor-element elementor-element-b5937c8 elementor-section-boxed elementor-section-height-default elementor-section-height-default\" data-id=\"b5937c8\" data-element_type=\"section\" data-e-type=\"section\">\n\t\t\t\t\t\t<div class=\"elementor-container elementor-column-gap-default\">\n\t\t\t\t\t<div class=\"elementor-column elementor-col-50 elementor-top-column elementor-element elementor-element-642723d\" data-id=\"642723d\" data-element_type=\"column\" data-e-type=\"column\" data-settings=\"{&quot;background_background&quot;:&quot;classic&quot;}\">\n\t\t\t<div class=\"elementor-widget-wrap elementor-element-populated\">\n\t\t\t\t\t\t<div class=\"elementor-element elementor-element-6cfc72d elementor-widget elementor-widget-heading\" data-id=\"6cfc72d\" data-element_type=\"widget\" data-e-type=\"widget\" data-widget_type=\"heading.default\">\n\t\t\t\t<div class=\"elementor-widget-container\">\n\t\t\t\t\t<h2 class=\"elementor-heading-title elementor-size-default\">Con tarjetas personalizadas para cada ocasi\u00f3n<\/h2>\t\t\t\t<\/div>\n\t\t\t\t<\/div>\n\t\t\t\t\t<\/div>\n\t\t<\/div>\n\t\t\t\t<div class=\"elementor-column elementor-col-50 elementor-top-column elementor-element elementor-element-22975cd\" data-id=\"22975cd\" data-element_type=\"column\" data-e-type=\"column\" data-settings=\"{&quot;background_background&quot;:&quot;classic&quot;}\">\n\t\t\t<div class=\"elementor-widget-wrap elementor-element-populated\">\n\t\t\t\t\t\t<div class=\"elementor-element elementor-element-0c0bff3 elementor-widget elementor-widget-heading\" data-id=\"0c0bff3\" data-element_type=\"widget\" data-e-type=\"widget\" data-widget_type=\"heading.default\">\n\t\t\t\t<div class=\"elementor-widget-container\">\n\t\t\t\t\t<h2 class=\"elementor-heading-title elementor-size-default\">Nosotros nos encargamos de prepararlo todo<\/h2>\t\t\t\t<\/div>\n\t\t\t\t<\/div>\n\t\t\t\t\t<\/div>\n\t\t<\/div>\n\t\t\t\t\t<\/div>\n\t\t<\/section>\n\t\t\t\t<section class=\"elementor-section elementor-top-section elementor-element elementor-element-e8ce73e elementor-section-boxed elementor-section-height-default elementor-section-height-default\" data-id=\"e8ce73e\" data-element_type=\"section\" data-e-type=\"section\">\n\t\t\t\t\t\t<div class=\"elementor-container elementor-column-gap-default\">\n\t\t\t\t\t<div class=\"elementor-column elementor-col-100 elementor-top-column elementor-element elementor-element-7cae5dc\" data-id=\"7cae5dc\" data-element_type=\"column\" data-e-type=\"column\">\n\t\t\t<div class=\"elementor-widget-wrap\">\n\t\t\t\t\t\t\t<\/div>\n\t\t<\/div>\n\t\t\t\t\t<\/div>\n\t\t<\/section>\n\t\t\t\t<section class=\"elementor-section elementor-top-section elementor-element elementor-element-09b0e88 elementor-section-boxed elementor-section-height-default elementor-section-height-default\" data-id=\"09b0e88\" data-element_type=\"section\" data-e-type=\"section\">\n\t\t\t\t\t\t<div class=\"elementor-container elementor-column-gap-default\">\n\t\t\t\t\t<div class=\"elementor-column elementor-col-100 elementor-top-column elementor-element elementor-element-db96489\" data-id=\"db96489\" data-element_type=\"column\" data-e-type=\"column\">\n\t\t\t<div class=\"elementor-widget-wrap elementor-element-populated\">\n\t\t\t\t\t\t<div class=\"elementor-element elementor-element-34a77c2 elementor-widget elementor-widget-text-editor\" data-id=\"34a77c2\" data-element_type=\"widget\" data-e-type=\"widget\" data-widget_type=\"text-editor.default\">\n\t\t\t\t<div class=\"elementor-widget-container\">\n\t\t\t\t\t\t\t\t\t<p><strong>Contactad con nosotros para hacerlo posible:<\/strong><\/p>\t\t\t\t\t\t\t\t<\/div>\n\t\t\t\t<\/div>\n\t\t\t\t<div class=\"elementor-element elementor-element-c9479cc elementor-widget elementor-widget-spacer\" data-id=\"c9479cc\" data-element_type=\"widget\" data-e-type=\"widget\" data-widget_type=\"spacer.default\">\n\t\t\t\t<div class=\"elementor-widget-container\">\n\t\t\t\t\t\t\t<div class=\"elementor-spacer\">\n\t\t\t<div class=\"elementor-spacer-inner\"><\/div>\n\t\t<\/div>\n\t\t\t\t\t\t<\/div>\n\t\t\t\t<\/div>\n\t\t\t\t\t<\/div>\n\t\t<\/div>\n\t\t\t\t\t<\/div>\n\t\t<\/section>\n\t\t\t\t<section class=\"elementor-section elementor-top-section elementor-element elementor-element-b6ca854 elementor-section-boxed elementor-section-height-default elementor-section-height-default\" data-id=\"b6ca854\" data-element_type=\"section\" data-e-type=\"section\">\n\t\t\t\t\t\t<div class=\"elementor-container elementor-column-gap-default\">\n\t\t\t\t\t<div class=\"elementor-column elementor-col-100 elementor-top-column elementor-element elementor-element-5a333f9\" data-id=\"5a333f9\" data-element_type=\"column\" data-e-type=\"column\">\n\t\t\t<div class=\"elementor-widget-wrap elementor-element-populated\">\n\t\t\t\t\t\t<div class=\"elementor-element elementor-element-7094d29 elementor-button-align-start elementor-widget elementor-widget-form\" data-id=\"7094d29\" data-element_type=\"widget\" data-e-type=\"widget\" data-settings=\"{&quot;step_next_label&quot;:&quot;Next&quot;,&quot;step_previous_label&quot;:&quot;Previous&quot;,&quot;button_width&quot;:&quot;100&quot;,&quot;step_type&quot;:&quot;number_text&quot;,&quot;step_icon_shape&quot;:&quot;circle&quot;}\" data-widget_type=\"form.default\">\n\t\t\t\t<div class=\"elementor-widget-container\">\n\t\t\t\t\t\t\t<form class=\"elementor-form\" method=\"post\" name=\"New Form\" aria-label=\"New Form\">\n\t\t\t<input type=\"hidden\" name=\"post_id\" value=\"1221\"\/>\n\t\t\t<input type=\"hidden\" name=\"form_id\" value=\"7094d29\"\/>\n\t\t\t<input type=\"hidden\" name=\"referer_title\" value=\"Celebraciones solidarias | Fundaci\u00f3 La Nineta dels Ulls\" \/>\n\n\t\t\t\t\t\t\t<input type=\"hidden\" name=\"queried_id\" value=\"1221\"\/>\n\t\t\t\n\t\t\t<div class=\"elementor-form-fields-wrapper elementor-labels-\">\n\t\t\t\t\t\t\t\t<div class=\"elementor-field-type-text elementor-field-group elementor-column elementor-field-group-name elementor-col-50 elementor-field-required\">\n\t\t\t\t\t\t\t\t\t\t\t\t<label for=\"form-field-name\" class=\"elementor-field-label elementor-screen-only\">\n\t\t\t\t\t\t\t\tNombre y Apellido\t\t\t\t\t\t\t<\/label>\n\t\t\t\t\t\t\t\t\t\t\t\t\t\t<input size=\"1\" type=\"text\" name=\"form_fields[name]\" id=\"form-field-name\" class=\"elementor-field elementor-size-sm  elementor-field-textual\" placeholder=\"Nombre y Apellidos:\" required=\"required\">\n\t\t\t\t\t\t\t\t\t\t\t<\/div>\n\t\t\t\t\t\t\t\t<div class=\"elementor-field-type-tel elementor-field-group elementor-column elementor-field-group-field_2f75b28 elementor-col-50\">\n\t\t\t\t\t\t\t\t\t\t\t\t<label for=\"form-field-field_2f75b28\" class=\"elementor-field-label elementor-screen-only\">\n\t\t\t\t\t\t\t\tTel\u00e9fono\t\t\t\t\t\t\t<\/label>\n\t\t\t\t\t\t\t\t<input size=\"1\" type=\"tel\" name=\"form_fields[field_2f75b28]\" id=\"form-field-field_2f75b28\" class=\"elementor-field elementor-size-sm  elementor-field-textual\" placeholder=\"Tel\u00e9fono:\" pattern=\"[0-9()#&amp;+*-=.]+\" title=\"Solo se aceptan n\u00fameros y caracteres de tel\u00e9fono (#,-,*,etc).\">\n\n\t\t\t\t\t\t<\/div>\n\t\t\t\t\t\t\t\t<div class=\"elementor-field-type-email elementor-field-group elementor-column elementor-field-group-field_8b67ef4 elementor-col-100 elementor-field-required\">\n\t\t\t\t\t\t\t\t\t\t\t\t<label for=\"form-field-field_8b67ef4\" class=\"elementor-field-label elementor-screen-only\">\n\t\t\t\t\t\t\t\tCorreo electr\u00f3nico:\t\t\t\t\t\t\t<\/label>\n\t\t\t\t\t\t\t\t\t\t\t\t\t\t<input size=\"1\" type=\"email\" name=\"form_fields[field_8b67ef4]\" id=\"form-field-field_8b67ef4\" class=\"elementor-field elementor-size-sm  elementor-field-textual\" placeholder=\"Correo electr\u00f3nico:\" required=\"required\">\n\t\t\t\t\t\t\t\t\t\t\t<\/div>\n\t\t\t\t\t\t\t\t<div class=\"elementor-field-type-textarea elementor-field-group elementor-column elementor-field-group-field_5f4d0b0 elementor-col-100 elementor-field-required\">\n\t\t\t\t\t\t\t\t\t\t\t\t<label for=\"form-field-field_5f4d0b0\" class=\"elementor-field-label elementor-screen-only\">\n\t\t\t\t\t\t\t\tQue quereis hacer?\t\t\t\t\t\t\t<\/label>\n\t\t\t\t\t\t<textarea class=\"elementor-field-textual elementor-field  elementor-size-sm\" name=\"form_fields[field_5f4d0b0]\" id=\"form-field-field_5f4d0b0\" rows=\"4\" placeholder=\"\u00bfQu\u00e9 quer\u00e9is hacer?\" required=\"required\"><\/textarea>\t\t\t\t<\/div>\n\t\t\t\t\t\t\t\t<div class=\"elementor-field-type-acceptance elementor-field-group elementor-column elementor-field-group-field_de49a0c elementor-col-100 elementor-field-required\">\n\t\t\t\t\t\t\t<div class=\"elementor-field-subgroup\">\n\t\t\t<span class=\"elementor-field-option\">\n\t\t\t\t<input type=\"checkbox\" name=\"form_fields[field_de49a0c]\" id=\"form-field-field_de49a0c\" class=\"elementor-field elementor-size-sm  elementor-acceptance-field\" required=\"required\">\n\t\t\t\t<label for=\"form-field-field_de49a0c\">He le\u00eddo y acepto la <a href=\"https:\/\/fundaciolaninetadelsulls.org\/es\/politicas-de-privacidad\/\" target=\"_blank\">Pol\u00edtica de Privacidad<\/a> de la <b> FUNDACI\u00d3 LA NINETA DELS ULLS<\/b>.<\/label>\t\t\t<\/span>\n\t\t<\/div>\n\t\t\t\t\t\t<\/div>\n\t\t\t\t\t\t\t\t<div class=\"elementor-field-type-recaptcha_v3 elementor-field-group elementor-column elementor-field-group-field_e86c4af elementor-col-100 recaptcha_v3-inline\">\n\t\t\t\t\t<div class=\"elementor-field\" id=\"form-field-field_e86c4af\"><div class=\"elementor-g-recaptcha\" data-sitekey=\"6Lchlk8aAAAAAJvkmTwweX4Kwq9MGf3X9-gn8VMj\" data-type=\"v3\" data-action=\"Form\" data-badge=\"inline\" data-size=\"invisible\"><\/div><\/div>\t\t\t\t<\/div>\n\t\t\t\t\t\t\t\t<div class=\"elementor-field-group elementor-column elementor-field-type-submit elementor-col-100 e-form__buttons\">\n\t\t\t\t\t<button class=\"elementor-button elementor-size-sm\" type=\"submit\">\n\t\t\t\t\t\t<span class=\"elementor-button-content-wrapper\">\n\t\t\t\t\t\t\t\t\t\t\t\t\t\t\t\t\t\t\t\t\t\t<span class=\"elementor-button-text\">Enviar<\/span>\n\t\t\t\t\t\t\t\t\t\t\t\t\t<\/span>\n\t\t\t\t\t<\/button>\n\t\t\t\t<\/div>\n\t\t\t<\/div>\n\t\t<\/form>\n\t\t\t\t\t\t<\/div>\n\t\t\t\t<\/div>\n\t\t\t\t\t<\/div>\n\t\t<\/div>\n\t\t\t\t\t<\/div>\n\t\t<\/section>\n\t\t\t\t<\/div>\n\t\t","protected":false},"excerpt":{"rendered":"<p>Celebraciones solidarias Ya sean bodas, comuniones o otro tipo de celebraciones Pod\u00e9is darles una vertiente solidaria con productos de la Fundaci\u00f3n Con tarjetas personalizadas para cada ocasi\u00f3n Nosotros nos encargamos de prepararlo todo Contactad con nosotros para hacerlo posible:<\/p>\n","protected":false},"author":1,"featured_media":0,"parent":12006,"menu_order":0,"comment_status":"closed","ping_status":"closed","template":"","meta":{"site-sidebar-layout":"no-sidebar","site-content-layout":"page-builder","ast-site-content-layout":"full-width-container","site-content-style":"unboxed","site-sidebar-style":"unboxed","ast-global-header-display":"","ast-banner-title-visibility":"","ast-main-header-display":"","ast-hfb-above-header-display":"","ast-hfb-below-header-display":"","ast-hfb-mobile-header-display":"","site-post-title":"disabled","ast-breadcrumbs-content":"","ast-featured-img":"disabled","footer-sml-layout":"","theme-transparent-header-meta":"default","adv-header-id-meta":"","stick-header-meta":"","header-above-stick-meta":"","header-main-stick-meta":"","header-below-stick-meta":"","astra-migrate-meta-layouts":"default","ast-page-background-enabled":"default","ast-page-background-meta":{"desktop":{"background-color":"","background-image":"","background-repeat":"repeat","background-position":"center center","background-size":"auto","background-attachment":"scroll","background-type":"","background-media":"","overlay-type":"","overlay-color":"","overlay-opacity":"","overlay-gradient":""},"tablet":{"background-color":"","background-image":"","background-repeat":"repeat","background-position":"center center","background-size":"auto","background-attachment":"scroll","background-type":"","background-media":"","overlay-type":"","overlay-color":"","overlay-opacity":"","overlay-gradient":""},"mobile":{"background-color":"","background-image":"","background-repeat":"repeat","background-position":"center center","background-size":"auto","background-attachment":"scroll","background-type":"","background-media":"","overlay-type":"","overlay-color":"","overlay-opacity":"","overlay-gradient":""}},"ast-content-background-meta":{"desktop":{"background-color":"var(--ast-global-color-5)","background-image":"","background-repeat":"repeat","background-position":"center center","background-size":"auto","background-attachment":"scroll","background-type":"","background-media":"","overlay-type":"","overlay-color":"","overlay-opacity":"","overlay-gradient":""},"tablet":{"background-color":"var(--ast-global-color-5)","background-image":"","background-repeat":"repeat","background-position":"center center","background-size":"auto","background-attachment":"scroll","background-type":"","background-media":"","overlay-type":"","overlay-color":"","overlay-opacity":"","overlay-gradient":""},"mobile":{"background-color":"var(--ast-global-color-5)","background-image":"","background-repeat":"repeat","background-position":"center center","background-size":"auto","background-attachment":"scroll","background-type":"","background-media":"","overlay-type":"","overlay-color":"","overlay-opacity":"","overlay-gradient":""}},"footnotes":""},"class_list":["post-1221","page","type-page","status-publish","hentry"],"yoast_head":"<!-- This site is optimized with the Yoast SEO plugin v25.4 - https:\/\/yoast.com\/wordpress\/plugins\/seo\/ -->\n<title>Celebraciones solidarias | Fundaci\u00f3 La Nineta dels Ulls<\/title>\n<meta name=\"robots\" content=\"index, follow, max-snippet:-1, max-image-preview:large, max-video-preview:-1\" \/>\n<link rel=\"canonical\" href=\"https:\/\/fundaciolaninetadelsulls.org\/es\/colabora\/evento-solidario\/\" \/>\n<meta property=\"og:locale\" content=\"es_ES\" \/>\n<meta property=\"og:type\" content=\"article\" \/>\n<meta property=\"og:title\" content=\"Celebraciones solidarias | Fundaci\u00f3 La Nineta dels Ulls\" \/>\n<meta property=\"og:description\" content=\"Celebraciones solidarias Ya sean bodas, comuniones o otro tipo de celebraciones Pod\u00e9is darles una vertiente solidaria con productos de la Fundaci\u00f3n Con tarjetas personalizadas para cada ocasi\u00f3n Nosotros nos encargamos de prepararlo todo Contactad con nosotros para hacerlo posible:\" \/>\n<meta property=\"og:url\" content=\"https:\/\/fundaciolaninetadelsulls.org\/es\/colabora\/evento-solidario\/\" \/>\n<meta property=\"og:site_name\" content=\"Fundaci\u00f3 La Nineta dels Ulls\" \/>\n<meta property=\"article:modified_time\" content=\"2025-09-09T11:34:13+00:00\" \/>\n<meta name=\"twitter:card\" content=\"summary_large_image\" \/>\n<meta name=\"twitter:label1\" content=\"Tiempo de lectura\" \/>\n\t<meta name=\"twitter:data1\" content=\"1 minuto\" \/>\n<!-- \/ Yoast SEO plugin. -->","yoast_head_json":{"title":"Celebraciones solidarias | Fundaci\u00f3 La Nineta dels Ulls","robots":{"index":"index","follow":"follow","max-snippet":"max-snippet:-1","max-image-preview":"max-image-preview:large","max-video-preview":"max-video-preview:-1"},"canonical":"https:\/\/fundaciolaninetadelsulls.org\/es\/colabora\/evento-solidario\/","og_locale":"es_ES","og_type":"article","og_title":"Celebraciones solidarias | Fundaci\u00f3 La Nineta dels Ulls","og_description":"Celebraciones solidarias Ya sean bodas, comuniones o otro tipo de celebraciones Pod\u00e9is darles una vertiente solidaria con productos de la Fundaci\u00f3n Con tarjetas personalizadas para cada ocasi\u00f3n Nosotros nos encargamos de prepararlo todo Contactad con nosotros para hacerlo posible:","og_url":"https:\/\/fundaciolaninetadelsulls.org\/es\/colabora\/evento-solidario\/","og_site_name":"Fundaci\u00f3 La Nineta dels Ulls","article_modified_time":"2025-09-09T11:34:13+00:00","twitter_card":"summary_large_image","twitter_misc":{"Tiempo de lectura":"1 minuto"},"schema":{"@context":"https:\/\/schema.org","@graph":[{"@type":"WebPage","@id":"https:\/\/fundaciolaninetadelsulls.org\/es\/colabora\/evento-solidario\/","url":"https:\/\/fundaciolaninetadelsulls.org\/es\/colabora\/evento-solidario\/","name":"Celebraciones solidarias | Fundaci\u00f3 La Nineta dels Ulls","isPartOf":{"@id":"https:\/\/fundaciolaninetadelsulls.org\/es\/#website"},"datePublished":"2021-02-26T04:33:10+00:00","dateModified":"2025-09-09T11:34:13+00:00","breadcrumb":{"@id":"https:\/\/fundaciolaninetadelsulls.org\/es\/colabora\/evento-solidario\/#breadcrumb"},"inLanguage":"es","potentialAction":[{"@type":"ReadAction","target":["https:\/\/fundaciolaninetadelsulls.org\/es\/colabora\/evento-solidario\/"]}]},{"@type":"BreadcrumbList","@id":"https:\/\/fundaciolaninetadelsulls.org\/es\/colabora\/evento-solidario\/#breadcrumb","itemListElement":[{"@type":"ListItem","position":1,"name":"Inicio","item":"https:\/\/fundaciolaninetadelsulls.org\/es\/"},{"@type":"ListItem","position":2,"name":"Colabora","item":"https:\/\/fundaciolaninetadelsulls.org\/es\/colabora\/"},{"@type":"ListItem","position":3,"name":"Celebraciones solidarias"}]},{"@type":"WebSite","@id":"https:\/\/fundaciolaninetadelsulls.org\/es\/#website","url":"https:\/\/fundaciolaninetadelsulls.org\/es\/","name":"Fundaci\u00f3 La Nineta dels Ulls","description":"Objetivo Retinoblastoma","publisher":{"@id":"https:\/\/fundaciolaninetadelsulls.org\/es\/#organization"},"potentialAction":[{"@type":"SearchAction","target":{"@type":"EntryPoint","urlTemplate":"https:\/\/fundaciolaninetadelsulls.org\/es\/?s={search_term_string}"},"query-input":{"@type":"PropertyValueSpecification","valueRequired":true,"valueName":"search_term_string"}}],"inLanguage":"es"},{"@type":"Organization","@id":"https:\/\/fundaciolaninetadelsulls.org\/es\/#organization","name":"Fundaci\u00f3 La Nineta dels Ulls","url":"https:\/\/fundaciolaninetadelsulls.org\/es\/","logo":{"@type":"ImageObject","inLanguage":"es","@id":"https:\/\/fundaciolaninetadelsulls.org\/es\/#\/schema\/logo\/image\/","url":"https:\/\/fundaciolaninetadelsulls.org\/wp-content\/uploads\/2020\/12\/logo-fundacion-la-nineta-dels-ullst.png","contentUrl":"https:\/\/fundaciolaninetadelsulls.org\/wp-content\/uploads\/2020\/12\/logo-fundacion-la-nineta-dels-ullst.png","width":1467,"height":446,"caption":"Fundaci\u00f3 La Nineta dels Ulls"},"image":{"@id":"https:\/\/fundaciolaninetadelsulls.org\/es\/#\/schema\/logo\/image\/"}}]}},"_links":{"self":[{"href":"https:\/\/fundaciolaninetadelsulls.org\/es\/wp-json\/wp\/v2\/pages\/1221","targetHints":{"allow":["GET"]}}],"collection":[{"href":"https:\/\/fundaciolaninetadelsulls.org\/es\/wp-json\/wp\/v2\/pages"}],"about":[{"href":"https:\/\/fundaciolaninetadelsulls.org\/es\/wp-json\/wp\/v2\/types\/page"}],"author":[{"embeddable":true,"href":"https:\/\/fundaciolaninetadelsulls.org\/es\/wp-json\/wp\/v2\/users\/1"}],"replies":[{"embeddable":true,"href":"https:\/\/fundaciolaninetadelsulls.org\/es\/wp-json\/wp\/v2\/comments?post=1221"}],"version-history":[{"count":3,"href":"https:\/\/fundaciolaninetadelsulls.org\/es\/wp-json\/wp\/v2\/pages\/1221\/revisions"}],"predecessor-version":[{"id":19575,"href":"https:\/\/fundaciolaninetadelsulls.org\/es\/wp-json\/wp\/v2\/pages\/1221\/revisions\/19575"}],"up":[{"embeddable":true,"href":"https:\/\/fundaciolaninetadelsulls.org\/es\/wp-json\/wp\/v2\/pages\/12006"}],"wp:attachment":[{"href":"https:\/\/fundaciolaninetadelsulls.org\/es\/wp-json\/wp\/v2\/media?parent=1221"}],"curies":[{"name":"wp","href":"https:\/\/api.w.org\/{rel}","templated":true}]}}