{"id":1002,"date":"2021-02-25T19:54:15","date_gmt":"2021-02-25T19:54:15","guid":{"rendered":"https:\/\/fundaciolaninetadelsulls.org\/?page_id=1002"},"modified":"2025-06-02T20:00:58","modified_gmt":"2025-06-02T20:00:58","slug":"board","status":"publish","type":"page","link":"https:\/\/fundaciolaninetadelsulls.org\/en\/who-are-we\/board\/","title":{"rendered":"Board"},"content":{"rendered":"\t\t<div data-elementor-type=\"wp-page\" data-elementor-id=\"1002\" class=\"elementor elementor-1002 elementor-273\" data-elementor-post-type=\"page\">\n\t\t\t\t\t\t<section class=\"elementor-section elementor-top-section elementor-element elementor-element-3432334 elementor-section-full_width elementor-section-height-default elementor-section-height-default\" data-id=\"3432334\" data-element_type=\"section\" data-e-type=\"section\" data-settings=\"{&quot;background_background&quot;:&quot;classic&quot;}\">\n\t\t\t\t\t\t\t<div class=\"elementor-background-overlay\"><\/div>\n\t\t\t\t\t\t\t<div class=\"elementor-container elementor-column-gap-default\">\n\t\t\t\t\t<div class=\"elementor-column elementor-col-100 elementor-top-column elementor-element elementor-element-303eefb\" data-id=\"303eefb\" data-element_type=\"column\" data-e-type=\"column\">\n\t\t\t<div class=\"elementor-widget-wrap elementor-element-populated\">\n\t\t\t\t\t\t<div class=\"elementor-element elementor-element-007f0d2 elementor-widget elementor-widget-heading\" data-id=\"007f0d2\" data-element_type=\"widget\" data-e-type=\"widget\" data-widget_type=\"heading.default\">\n\t\t\t\t<div class=\"elementor-widget-container\">\n\t\t\t\t\t<h1 class=\"elementor-heading-title elementor-size-default\">Board\n<\/h1>\t\t\t\t<\/div>\n\t\t\t\t<\/div>\n\t\t\t\t\t<\/div>\n\t\t<\/div>\n\t\t\t\t\t<\/div>\n\t\t<\/section>\n\t\t\t\t<section class=\"elementor-section elementor-top-section elementor-element elementor-element-f5457a4 elementor-section-boxed elementor-section-height-default elementor-section-height-default\" data-id=\"f5457a4\" data-element_type=\"section\" data-e-type=\"section\">\n\t\t\t\t\t\t<div class=\"elementor-container elementor-column-gap-default\">\n\t\t\t\t\t<div class=\"elementor-column elementor-col-100 elementor-top-column elementor-element elementor-element-66f36d9\" data-id=\"66f36d9\" data-element_type=\"column\" data-e-type=\"column\">\n\t\t\t<div class=\"elementor-widget-wrap\">\n\t\t\t\t\t\t\t<\/div>\n\t\t<\/div>\n\t\t\t\t\t<\/div>\n\t\t<\/section>\n\t\t\t\t<section class=\"elementor-section elementor-top-section elementor-element elementor-element-719c6c1 elementor-section-boxed elementor-section-height-default elementor-section-height-default\" data-id=\"719c6c1\" data-element_type=\"section\" data-e-type=\"section\">\n\t\t\t\t\t\t<div class=\"elementor-container elementor-column-gap-default\">\n\t\t\t\t\t<div class=\"elementor-column elementor-col-50 elementor-top-column elementor-element elementor-element-8b61b3a\" data-id=\"8b61b3a\" data-element_type=\"column\" data-e-type=\"column\" data-settings=\"{&quot;background_background&quot;:&quot;classic&quot;}\">\n\t\t\t<div class=\"elementor-widget-wrap elementor-element-populated\">\n\t\t\t\t\t\t<div class=\"elementor-element elementor-element-74856d1 elementor-position-left elementor-vertical-align-top elementor-widget elementor-widget-image-box\" data-id=\"74856d1\" data-element_type=\"widget\" data-e-type=\"widget\" data-widget_type=\"image-box.default\">\n\t\t\t\t<div class=\"elementor-widget-container\">\n\t\t\t\t\t<div class=\"elementor-image-box-wrapper\"><figure class=\"elementor-image-box-img\"><img fetchpriority=\"high\" decoding=\"async\" width=\"2373\" height=\"2560\" src=\"https:\/\/fundaciolaninetadelsulls.org\/wp-content\/uploads\/2021\/02\/patronatCarmeJulia-scaled.jpg\" class=\"attachment-full size-full wp-image-1005\" alt=\"\" srcset=\"https:\/\/fundaciolaninetadelsulls.org\/wp-content\/uploads\/2021\/02\/patronatCarmeJulia-scaled.jpg 2373w, https:\/\/fundaciolaninetadelsulls.org\/wp-content\/uploads\/2021\/02\/patronatCarmeJulia-scaled-600x647.jpg 600w, https:\/\/fundaciolaninetadelsulls.org\/wp-content\/uploads\/2021\/02\/patronatCarmeJulia-278x300.jpg 278w, https:\/\/fundaciolaninetadelsulls.org\/wp-content\/uploads\/2021\/02\/patronatCarmeJulia-949x1024.jpg 949w, https:\/\/fundaciolaninetadelsulls.org\/wp-content\/uploads\/2021\/02\/patronatCarmeJulia-768x828.jpg 768w, https:\/\/fundaciolaninetadelsulls.org\/wp-content\/uploads\/2021\/02\/patronatCarmeJulia-1424x1536.jpg 1424w, https:\/\/fundaciolaninetadelsulls.org\/wp-content\/uploads\/2021\/02\/patronatCarmeJulia-1899x2048.jpg 1899w\" sizes=\"(max-width: 2373px) 100vw, 2373px\" \/><\/figure><div class=\"elementor-image-box-content\"><h2 class=\"elementor-image-box-title\">Carme Juli\u00e0 Ferr\u00e9<\/h2><p class=\"elementor-image-box-description\">Chairwoman. Bachelor of Mathematics, PhD in Computer Science, associate professor at the URV.<\/p><\/div><\/div>\t\t\t\t<\/div>\n\t\t\t\t<\/div>\n\t\t\t\t\t<\/div>\n\t\t<\/div>\n\t\t\t\t<div class=\"elementor-column elementor-col-50 elementor-top-column elementor-element elementor-element-5b6d0b4\" data-id=\"5b6d0b4\" data-element_type=\"column\" data-e-type=\"column\" data-settings=\"{&quot;background_background&quot;:&quot;classic&quot;}\">\n\t\t\t<div class=\"elementor-widget-wrap elementor-element-populated\">\n\t\t\t\t\t\t<div class=\"elementor-element elementor-element-52c318f elementor-position-left elementor-vertical-align-top elementor-widget elementor-widget-image-box\" data-id=\"52c318f\" data-element_type=\"widget\" data-e-type=\"widget\" data-widget_type=\"image-box.default\">\n\t\t\t\t<div class=\"elementor-widget-container\">\n\t\t\t\t\t<div class=\"elementor-image-box-wrapper\"><figure class=\"elementor-image-box-img\"><img decoding=\"async\" width=\"2373\" height=\"2560\" src=\"https:\/\/fundaciolaninetadelsulls.org\/wp-content\/uploads\/2021\/02\/patronatJoanCarles-scaled.jpg\" class=\"attachment-full size-full wp-image-1006\" alt=\"\" srcset=\"https:\/\/fundaciolaninetadelsulls.org\/wp-content\/uploads\/2021\/02\/patronatJoanCarles-scaled.jpg 2373w, https:\/\/fundaciolaninetadelsulls.org\/wp-content\/uploads\/2021\/02\/patronatJoanCarles-scaled-600x647.jpg 600w, https:\/\/fundaciolaninetadelsulls.org\/wp-content\/uploads\/2021\/02\/patronatJoanCarles-278x300.jpg 278w, https:\/\/fundaciolaninetadelsulls.org\/wp-content\/uploads\/2021\/02\/patronatJoanCarles-949x1024.jpg 949w, https:\/\/fundaciolaninetadelsulls.org\/wp-content\/uploads\/2021\/02\/patronatJoanCarles-768x828.jpg 768w, https:\/\/fundaciolaninetadelsulls.org\/wp-content\/uploads\/2021\/02\/patronatJoanCarles-1424x1536.jpg 1424w, https:\/\/fundaciolaninetadelsulls.org\/wp-content\/uploads\/2021\/02\/patronatJoanCarles-1899x2048.jpg 1899w\" sizes=\"(max-width: 2373px) 100vw, 2373px\" \/><\/figure><div class=\"elementor-image-box-content\"><h2 class=\"elementor-image-box-title\">Joan Carles Castillo Ferr\u00e9 <\/h2><p class=\"elementor-image-box-description\">Secretary. Graduate in Psychology from the UOC.<\/p><\/div><\/div>\t\t\t\t<\/div>\n\t\t\t\t<\/div>\n\t\t\t\t\t<\/div>\n\t\t<\/div>\n\t\t\t\t\t<\/div>\n\t\t<\/section>\n\t\t\t\t<section class=\"elementor-section elementor-top-section elementor-element elementor-element-5034945 elementor-section-boxed elementor-section-height-default elementor-section-height-default\" data-id=\"5034945\" data-element_type=\"section\" data-e-type=\"section\">\n\t\t\t\t\t\t<div class=\"elementor-container elementor-column-gap-default\">\n\t\t\t\t\t<div class=\"elementor-column elementor-col-100 elementor-top-column elementor-element elementor-element-20de224\" data-id=\"20de224\" data-element_type=\"column\" data-e-type=\"column\">\n\t\t\t<div class=\"elementor-widget-wrap elementor-element-populated\">\n\t\t\t\t\t\t<div class=\"elementor-element elementor-element-b6a4c8b elementor-widget elementor-widget-text-editor\" data-id=\"b6a4c8b\" data-element_type=\"widget\" data-e-type=\"widget\" data-widget_type=\"text-editor.default\">\n\t\t\t\t<div class=\"elementor-widget-container\">\n\t\t\t\t\t\t\t\t\t<p>Carme and Joan Carles are Anna and J\u00falia&#8217;s parents. J\u00falia was diagnosed with retinoblastoma in 2018, at 8 months old.<\/p>\t\t\t\t\t\t\t\t<\/div>\n\t\t\t\t<\/div>\n\t\t\t\t\t<\/div>\n\t\t<\/div>\n\t\t\t\t\t<\/div>\n\t\t<\/section>\n\t\t\t\t<section class=\"elementor-section elementor-top-section elementor-element elementor-element-a2e5a8f elementor-section-boxed elementor-section-height-default elementor-section-height-default\" data-id=\"a2e5a8f\" data-element_type=\"section\" data-e-type=\"section\">\n\t\t\t\t\t\t<div class=\"elementor-container elementor-column-gap-default\">\n\t\t\t\t\t<div class=\"elementor-column elementor-col-50 elementor-top-column elementor-element elementor-element-adb4530\" data-id=\"adb4530\" data-element_type=\"column\" data-e-type=\"column\" data-settings=\"{&quot;background_background&quot;:&quot;classic&quot;}\">\n\t\t\t<div class=\"elementor-widget-wrap elementor-element-populated\">\n\t\t\t\t\t\t<div class=\"elementor-element elementor-element-5ebe1aa elementor-position-left elementor-vertical-align-top elementor-widget elementor-widget-image-box\" data-id=\"5ebe1aa\" data-element_type=\"widget\" data-e-type=\"widget\" data-widget_type=\"image-box.default\">\n\t\t\t\t<div class=\"elementor-widget-container\">\n\t\t\t\t\t<div class=\"elementor-image-box-wrapper\"><figure class=\"elementor-image-box-img\"><img decoding=\"async\" width=\"1003\" height=\"1136\" src=\"https:\/\/fundaciolaninetadelsulls.org\/wp-content\/uploads\/2023\/11\/marc-rotated-e1700840705879.jpg\" class=\"attachment-full size-full wp-image-8253\" alt=\"\" srcset=\"https:\/\/fundaciolaninetadelsulls.org\/wp-content\/uploads\/2023\/11\/marc-rotated-e1700840705879.jpg 1003w, https:\/\/fundaciolaninetadelsulls.org\/wp-content\/uploads\/2023\/11\/marc-rotated-e1700840705879-600x680.jpg 600w\" sizes=\"(max-width: 1003px) 100vw, 1003px\" \/><\/figure><div class=\"elementor-image-box-content\"><h2 class=\"elementor-image-box-title\">Marc Bertrand Peral <\/h2><p class=\"elementor-image-box-description\">Vice-president and member. Bachelor of Business Administration, Master's in Foundations and Associations. Entrepreneur in Barcelona.<\/p><\/div><\/div>\t\t\t\t<\/div>\n\t\t\t\t<\/div>\n\t\t\t\t\t<\/div>\n\t\t<\/div>\n\t\t\t\t<div class=\"elementor-column elementor-col-50 elementor-top-column elementor-element elementor-element-03185fe\" data-id=\"03185fe\" data-element_type=\"column\" data-e-type=\"column\" data-settings=\"{&quot;background_background&quot;:&quot;classic&quot;}\">\n\t\t\t<div class=\"elementor-widget-wrap elementor-element-populated\">\n\t\t\t\t\t\t<div class=\"elementor-element elementor-element-ec99cd6 elementor-position-left elementor-vertical-align-top elementor-widget elementor-widget-image-box\" data-id=\"ec99cd6\" data-element_type=\"widget\" data-e-type=\"widget\" data-widget_type=\"image-box.default\">\n\t\t\t\t<div class=\"elementor-widget-container\">\n\t\t\t\t\t<div class=\"elementor-image-box-wrapper\"><figure class=\"elementor-image-box-img\"><img loading=\"lazy\" decoding=\"async\" width=\"2373\" height=\"2560\" src=\"https:\/\/fundaciolaninetadelsulls.org\/wp-content\/uploads\/2021\/02\/patronatAnnaSalvatella-scaled.jpeg\" class=\"attachment-full size-full wp-image-1004\" alt=\"\" srcset=\"https:\/\/fundaciolaninetadelsulls.org\/wp-content\/uploads\/2021\/02\/patronatAnnaSalvatella-scaled.jpeg 2373w, https:\/\/fundaciolaninetadelsulls.org\/wp-content\/uploads\/2021\/02\/patronatAnnaSalvatella-scaled-600x647.jpeg 600w, https:\/\/fundaciolaninetadelsulls.org\/wp-content\/uploads\/2021\/02\/patronatAnnaSalvatella-278x300.jpeg 278w, https:\/\/fundaciolaninetadelsulls.org\/wp-content\/uploads\/2021\/02\/patronatAnnaSalvatella-949x1024.jpeg 949w, https:\/\/fundaciolaninetadelsulls.org\/wp-content\/uploads\/2021\/02\/patronatAnnaSalvatella-768x828.jpeg 768w, https:\/\/fundaciolaninetadelsulls.org\/wp-content\/uploads\/2021\/02\/patronatAnnaSalvatella-1424x1536.jpeg 1424w, https:\/\/fundaciolaninetadelsulls.org\/wp-content\/uploads\/2021\/02\/patronatAnnaSalvatella-1899x2048.jpeg 1899w\" sizes=\"(max-width: 2373px) 100vw, 2373px\" \/><\/figure><div class=\"elementor-image-box-content\"><h2 class=\"elementor-image-box-title\">Anna Salvatella Giralt <\/h2><p class=\"elementor-image-box-description\">Deputy secretary and member. Bachelor of Physics and Master's in Computer Science, business risk analyst at a banking institution.\n<\/p><\/div><\/div>\t\t\t\t<\/div>\n\t\t\t\t<\/div>\n\t\t\t\t\t<\/div>\n\t\t<\/div>\n\t\t\t\t\t<\/div>\n\t\t<\/section>\n\t\t\t\t<section class=\"elementor-section elementor-top-section elementor-element elementor-element-3f434b9 elementor-section-boxed elementor-section-height-default elementor-section-height-default\" data-id=\"3f434b9\" data-element_type=\"section\" data-e-type=\"section\">\n\t\t\t\t\t\t<div class=\"elementor-container elementor-column-gap-default\">\n\t\t\t\t\t<div class=\"elementor-column elementor-col-100 elementor-top-column elementor-element elementor-element-3e8e210\" data-id=\"3e8e210\" data-element_type=\"column\" data-e-type=\"column\">\n\t\t\t<div class=\"elementor-widget-wrap elementor-element-populated\">\n\t\t\t\t\t\t<div class=\"elementor-element elementor-element-6e124ed elementor-widget elementor-widget-text-editor\" data-id=\"6e124ed\" data-element_type=\"widget\" data-e-type=\"widget\" data-widget_type=\"text-editor.default\">\n\t\t\t\t<div class=\"elementor-widget-container\">\n\t\t\t\t\t\t\t\t\t<p>Anna and Marc have taken part in the world of entertainment of children and teenagers, with a particular focus on people with disabilities.<\/p>\t\t\t\t\t\t\t\t<\/div>\n\t\t\t\t<\/div>\n\t\t\t\t\t<\/div>\n\t\t<\/div>\n\t\t\t\t\t<\/div>\n\t\t<\/section>\n\t\t\t\t<\/div>\n\t\t","protected":false},"excerpt":{"rendered":"<p>Board Carme Juli\u00e0 Ferr\u00e9 Chairwoman. Bachelor of Mathematics, PhD in Computer Science, associate professor at the URV. Joan Carles Castillo Ferr\u00e9 Secretary. Graduate in Psychology from the UOC. Carme and Joan Carles are Anna and J\u00falia&#8217;s parents. J\u00falia was diagnosed with retinoblastoma in 2018, at 8 months old. Marc Bertrand Peral Vice-president and member. Bachelor [&hellip;]<\/p>\n","protected":false},"author":1,"featured_media":0,"parent":977,"menu_order":0,"comment_status":"closed","ping_status":"closed","template":"","meta":{"site-sidebar-layout":"no-sidebar","site-content-layout":"page-builder","ast-site-content-layout":"default","site-content-style":"default","site-sidebar-style":"default","ast-global-header-display":"","ast-banner-title-visibility":"","ast-main-header-display":"","ast-hfb-above-header-display":"","ast-hfb-below-header-display":"","ast-hfb-mobile-header-display":"","site-post-title":"disabled","ast-breadcrumbs-content":"","ast-featured-img":"disabled","footer-sml-layout":"","theme-transparent-header-meta":"default","adv-header-id-meta":"","stick-header-meta":"","header-above-stick-meta":"","header-main-stick-meta":"","header-below-stick-meta":"","astra-migrate-meta-layouts":"default","ast-page-background-enabled":"default","ast-page-background-meta":{"desktop":{"background-color":"","background-image":"","background-repeat":"repeat","background-position":"center center","background-size":"auto","background-attachment":"scroll","background-type":"","background-media":"","overlay-type":"","overlay-color":"","overlay-opacity":"","overlay-gradient":""},"tablet":{"background-color":"","background-image":"","background-repeat":"repeat","background-position":"center center","background-size":"auto","background-attachment":"scroll","background-type":"","background-media":"","overlay-type":"","overlay-color":"","overlay-opacity":"","overlay-gradient":""},"mobile":{"background-color":"","background-image":"","background-repeat":"repeat","background-position":"center center","background-size":"auto","background-attachment":"scroll","background-type":"","background-media":"","overlay-type":"","overlay-color":"","overlay-opacity":"","overlay-gradient":""}},"ast-content-background-meta":{"desktop":{"background-color":"var(--ast-global-color-5)","background-image":"","background-repeat":"repeat","background-position":"center center","background-size":"auto","background-attachment":"scroll","background-type":"","background-media":"","overlay-type":"","overlay-color":"","overlay-opacity":"","overlay-gradient":""},"tablet":{"background-color":"var(--ast-global-color-5)","background-image":"","background-repeat":"repeat","background-position":"center center","background-size":"auto","background-attachment":"scroll","background-type":"","background-media":"","overlay-type":"","overlay-color":"","overlay-opacity":"","overlay-gradient":""},"mobile":{"background-color":"var(--ast-global-color-5)","background-image":"","background-repeat":"repeat","background-position":"center center","background-size":"auto","background-attachment":"scroll","background-type":"","background-media":"","overlay-type":"","overlay-color":"","overlay-opacity":"","overlay-gradient":""}},"footnotes":""},"class_list":["post-1002","page","type-page","status-publish","hentry"],"yoast_head":"<!-- This site is optimized with the Yoast SEO plugin v25.4 - https:\/\/yoast.com\/wordpress\/plugins\/seo\/ -->\n<title>Board | Fundaci\u00f3 La Nineta dels Ulls<\/title>\n<meta name=\"robots\" content=\"index, follow, max-snippet:-1, max-image-preview:large, max-video-preview:-1\" \/>\n<link rel=\"canonical\" href=\"https:\/\/fundaciolaninetadelsulls.org\/en\/who-are-we\/board\/\" \/>\n<meta property=\"og:locale\" content=\"en_US\" \/>\n<meta property=\"og:type\" content=\"article\" \/>\n<meta property=\"og:title\" content=\"Board | Fundaci\u00f3 La Nineta dels Ulls\" \/>\n<meta property=\"og:description\" content=\"Board Carme Juli\u00e0 Ferr\u00e9 Chairwoman. Bachelor of Mathematics, PhD in Computer Science, associate professor at the URV. Joan Carles Castillo Ferr\u00e9 Secretary. Graduate in Psychology from the UOC. Carme and Joan Carles are Anna and J\u00falia&#8217;s parents. J\u00falia was diagnosed with retinoblastoma in 2018, at 8 months old. Marc Bertrand Peral Vice-president and member. Bachelor [&hellip;]\" \/>\n<meta property=\"og:url\" content=\"https:\/\/fundaciolaninetadelsulls.org\/en\/who-are-we\/board\/\" \/>\n<meta property=\"og:site_name\" content=\"Fundaci\u00f3 La Nineta dels Ulls\" \/>\n<meta property=\"article:modified_time\" content=\"2025-06-02T20:00:58+00:00\" \/>\n<meta property=\"og:image\" content=\"https:\/\/fundaciolaninetadelsulls.org\/wp-content\/uploads\/2021\/02\/patronatCarmeJulia-scaled.jpg\" \/>\n\t<meta property=\"og:image:width\" content=\"2373\" \/>\n\t<meta property=\"og:image:height\" content=\"2560\" \/>\n\t<meta property=\"og:image:type\" content=\"image\/jpeg\" \/>\n<meta name=\"twitter:card\" content=\"summary_large_image\" \/>\n<meta name=\"twitter:label1\" content=\"Est. reading time\" \/>\n\t<meta name=\"twitter:data1\" content=\"2 minutes\" \/>\n<!-- \/ Yoast SEO plugin. -->","yoast_head_json":{"title":"Board | Fundaci\u00f3 La Nineta dels Ulls","robots":{"index":"index","follow":"follow","max-snippet":"max-snippet:-1","max-image-preview":"max-image-preview:large","max-video-preview":"max-video-preview:-1"},"canonical":"https:\/\/fundaciolaninetadelsulls.org\/en\/who-are-we\/board\/","og_locale":"en_US","og_type":"article","og_title":"Board | Fundaci\u00f3 La Nineta dels Ulls","og_description":"Board Carme Juli\u00e0 Ferr\u00e9 Chairwoman. Bachelor of Mathematics, PhD in Computer Science, associate professor at the URV. Joan Carles Castillo Ferr\u00e9 Secretary. Graduate in Psychology from the UOC. Carme and Joan Carles are Anna and J\u00falia&#8217;s parents. J\u00falia was diagnosed with retinoblastoma in 2018, at 8 months old. Marc Bertrand Peral Vice-president and member. Bachelor [&hellip;]","og_url":"https:\/\/fundaciolaninetadelsulls.org\/en\/who-are-we\/board\/","og_site_name":"Fundaci\u00f3 La Nineta dels Ulls","article_modified_time":"2025-06-02T20:00:58+00:00","og_image":[{"width":2373,"height":2560,"url":"https:\/\/fundaciolaninetadelsulls.org\/wp-content\/uploads\/2021\/02\/patronatCarmeJulia-scaled.jpg","type":"image\/jpeg"}],"twitter_card":"summary_large_image","twitter_misc":{"Est. reading time":"2 minutes"},"schema":{"@context":"https:\/\/schema.org","@graph":[{"@type":"WebPage","@id":"https:\/\/fundaciolaninetadelsulls.org\/en\/who-are-we\/board\/","url":"https:\/\/fundaciolaninetadelsulls.org\/en\/who-are-we\/board\/","name":"Board | Fundaci\u00f3 La Nineta dels Ulls","isPartOf":{"@id":"https:\/\/fundaciolaninetadelsulls.org\/en\/#website"},"primaryImageOfPage":{"@id":"https:\/\/fundaciolaninetadelsulls.org\/en\/who-are-we\/board\/#primaryimage"},"image":{"@id":"https:\/\/fundaciolaninetadelsulls.org\/en\/who-are-we\/board\/#primaryimage"},"thumbnailUrl":"https:\/\/fundaciolaninetadelsulls.org\/wp-content\/uploads\/2021\/02\/patronatCarmeJulia-scaled.jpg","datePublished":"2021-02-25T19:54:15+00:00","dateModified":"2025-06-02T20:00:58+00:00","breadcrumb":{"@id":"https:\/\/fundaciolaninetadelsulls.org\/en\/who-are-we\/board\/#breadcrumb"},"inLanguage":"en-US","potentialAction":[{"@type":"ReadAction","target":["https:\/\/fundaciolaninetadelsulls.org\/en\/who-are-we\/board\/"]}]},{"@type":"ImageObject","inLanguage":"en-US","@id":"https:\/\/fundaciolaninetadelsulls.org\/en\/who-are-we\/board\/#primaryimage","url":"https:\/\/fundaciolaninetadelsulls.org\/wp-content\/uploads\/2021\/02\/patronatCarmeJulia-scaled.jpg","contentUrl":"https:\/\/fundaciolaninetadelsulls.org\/wp-content\/uploads\/2021\/02\/patronatCarmeJulia-scaled.jpg"},{"@type":"BreadcrumbList","@id":"https:\/\/fundaciolaninetadelsulls.org\/en\/who-are-we\/board\/#breadcrumb","itemListElement":[{"@type":"ListItem","position":1,"name":"Home","item":"https:\/\/fundaciolaninetadelsulls.org\/en\/"},{"@type":"ListItem","position":2,"name":"Who are we","item":"https:\/\/fundaciolaninetadelsulls.org\/en\/who-are-we\/"},{"@type":"ListItem","position":3,"name":"Board"}]},{"@type":"WebSite","@id":"https:\/\/fundaciolaninetadelsulls.org\/en\/#website","url":"https:\/\/fundaciolaninetadelsulls.org\/en\/","name":"Fundaci\u00f3 La Nineta dels Ulls","description":"","publisher":{"@id":"https:\/\/fundaciolaninetadelsulls.org\/en\/#organization"},"potentialAction":[{"@type":"SearchAction","target":{"@type":"EntryPoint","urlTemplate":"https:\/\/fundaciolaninetadelsulls.org\/en\/?s={search_term_string}"},"query-input":{"@type":"PropertyValueSpecification","valueRequired":true,"valueName":"search_term_string"}}],"inLanguage":"en-US"},{"@type":"Organization","@id":"https:\/\/fundaciolaninetadelsulls.org\/en\/#organization","name":"Fundaci\u00f3 La Nineta dels Ulls","url":"https:\/\/fundaciolaninetadelsulls.org\/en\/","logo":{"@type":"ImageObject","inLanguage":"en-US","@id":"https:\/\/fundaciolaninetadelsulls.org\/en\/#\/schema\/logo\/image\/","url":"https:\/\/fundaciolaninetadelsulls.org\/wp-content\/uploads\/2020\/12\/logo-fundacion-la-nineta-dels-ullst.png","contentUrl":"https:\/\/fundaciolaninetadelsulls.org\/wp-content\/uploads\/2020\/12\/logo-fundacion-la-nineta-dels-ullst.png","width":1467,"height":446,"caption":"Fundaci\u00f3 La Nineta dels Ulls"},"image":{"@id":"https:\/\/fundaciolaninetadelsulls.org\/en\/#\/schema\/logo\/image\/"}}]}},"_links":{"self":[{"href":"https:\/\/fundaciolaninetadelsulls.org\/en\/wp-json\/wp\/v2\/pages\/1002","targetHints":{"allow":["GET"]}}],"collection":[{"href":"https:\/\/fundaciolaninetadelsulls.org\/en\/wp-json\/wp\/v2\/pages"}],"about":[{"href":"https:\/\/fundaciolaninetadelsulls.org\/en\/wp-json\/wp\/v2\/types\/page"}],"author":[{"embeddable":true,"href":"https:\/\/fundaciolaninetadelsulls.org\/en\/wp-json\/wp\/v2\/users\/1"}],"replies":[{"embeddable":true,"href":"https:\/\/fundaciolaninetadelsulls.org\/en\/wp-json\/wp\/v2\/comments?post=1002"}],"version-history":[{"count":0,"href":"https:\/\/fundaciolaninetadelsulls.org\/en\/wp-json\/wp\/v2\/pages\/1002\/revisions"}],"up":[{"embeddable":true,"href":"https:\/\/fundaciolaninetadelsulls.org\/en\/wp-json\/wp\/v2\/pages\/977"}],"wp:attachment":[{"href":"https:\/\/fundaciolaninetadelsulls.org\/en\/wp-json\/wp\/v2\/media?parent=1002"}],"curies":[{"name":"wp","href":"https:\/\/api.w.org\/{rel}","templated":true}]}}